{"id":100246,"date":"2017-03-22T22:34:41","date_gmt":"2017-03-22T22:34:41","guid":{"rendered":"http:\/\/keramika.holest.com\/slovenija\/product\/vidrepur-mozaik-gris-rombo-25x25\/"},"modified":"2026-01-01T00:01:08","modified_gmt":"2026-01-01T00:01:08","slug":"vidrepur-mozaik-gris-rombo-25x25","status":"publish","type":"product","link":"https:\/\/www.keramika.com\/slovenija\/vidrepur-mozaik-gris-rombo-25x25\/","title":{"rendered":"Vidrepur mozaik Gris Rombo 25X25"},"content":{"rendered":"<p>Debelina plo\u0161\u010dice je zelo pomembna in 4 mm uvr\u0161\u010da ta mozaik med najkvalitetnej\u0161e. Ta mozaik plo\u0161\u010dica v \u010dudoviti \u010drni barvi bo obogatila vsak prostor. Ta mozaik je izdelal proizvajalec Vidrepur, ki prihaja iz \u0160panije. Dimenzije mre\u017ee na katero je pripet ta mozaik so 31,5&#215;31,5 cm. Mre\u017ea omogo\u010da enostavnej\u0161e polaganje. V redni prodaji bi morali za ta mozaik od\u0161teti 78,12 EUR, spletna cena pa zna\u0161a le 62,5 EUR.<\/p>\n<p>Kliknite na ime kolekcije za ogled vseh plo\u0161\u010dic iz te serije: <a class=\"pdfcatal\" href=\"\/\/www.ceramictiles.com\/pdf\/vidrepur\/catalogue_vidrepur_online_collections.pdf\" onclick=\"recordOutboundLink(this, 'E-mail', 'Description PDF');return false;\">Vidrepur Online Collections<\/a><\/p>\n<p>\u010ce \u017eelite naro\u010diti model iz pdf kataloga te kolekcije, nam pi\u0161ite na: <a href=\"mailto:keramoteka.salon@gmail.com\" onclick=\"recordOutboundLink(this, 'E-mail', 'Description mail');return false;\">keramoteka.salon@gmail.com<\/a> ali pa nas pokli\u010dite na: +386 31 255 900.<\/p>\n<p>Technical description: <\/p>\n<p>Min. 1 box &#8211; Delivery 30 Euro\/box in EU<\/p>\n","protected":false},"excerpt":{"rendered":"<p>Debelina plo\u0161\u010dice je zelo pomembna in 4 mm uvr\u0161\u010da ta mozaik med najkvalitetnej\u0161e. Ta mozaik plo\u0161\u010dica v \u010dudoviti \u010drni barvi bo obogatila vsak prostor. Ta mozaik je izdelal proizvajalec Vidrepur, ki prihaja iz \u0160panije. Dimenzije mre\u017ee na katero je pripet ta mozaik so 31,5&#215;31,5 cm. Mre\u017ea omogo\u010da enostavnej\u0161e polaganje. V redni prodaji bi morali za [&hellip;]<\/p>\n","protected":false},"featured_media":100247,"template":"","meta":[],"product_cat":[400,999,410,9991712],"product_tag":[],"_links":{"self":[{"href":"https:\/\/www.keramika.com\/slovenija\/wp-json\/wp\/v2\/product\/100246"}],"collection":[{"href":"https:\/\/www.keramika.com\/slovenija\/wp-json\/wp\/v2\/product"}],"about":[{"href":"https:\/\/www.keramika.com\/slovenija\/wp-json\/wp\/v2\/types\/product"}],"wp:featuredmedia":[{"embeddable":true,"href":"https:\/\/www.keramika.com\/slovenija\/wp-json\/wp\/v2\/media\/100247"}],"wp:attachment":[{"href":"https:\/\/www.keramika.com\/slovenija\/wp-json\/wp\/v2\/media?parent=100246"}],"wp:term":[{"taxonomy":"product_cat","embeddable":true,"href":"https:\/\/www.keramika.com\/slovenija\/wp-json\/wp\/v2\/product_cat?post=100246"},{"taxonomy":"product_tag","embeddable":true,"href":"https:\/\/www.keramika.com\/slovenija\/wp-json\/wp\/v2\/product_tag?post=100246"}],"curies":[{"name":"wp","href":"https:\/\/api.w.org\/{rel}","templated":true}]}}