{"id":100226,"date":"2017-03-22T22:34:18","date_gmt":"2017-03-22T22:34:18","guid":{"rendered":"http:\/\/keramika.holest.com\/slovenija\/product\/vidrepur-mozaik-moka-rombo-25x25\/"},"modified":"2026-01-01T00:01:06","modified_gmt":"2026-01-01T00:01:06","slug":"vidrepur-mozaik-moka-rombo-25x25","status":"publish","type":"product","link":"https:\/\/www.keramika.com\/slovenija\/vidrepur-mozaik-moka-rombo-25x25\/","title":{"rendered":"Vidrepur mozaik Moka Rombo 25X25"},"content":{"rendered":"<p>Ta mozaik je na voljo v \u010dudoviti sivi prevladujo\u010di barvi, \u010de \u017eelite kak\u0161no drugo barvo pa nas kontaktirajte in preverili bomo pri proizvajalcu. Vidrepur mosaico Moka Rombo 25X25 je plo\u0161\u010dica proizvajalca Vidrepur in prihaja iz \u0160panije. Na spletu boste za ta mozaik od\u0161teli le 62,5 EUR, medtem ko v redni prodaji cena zna\u0161a 78,12 EUR. 4 mm debeline je dovolj tudi za zahtevnej\u0161e kupce. Velikost mre\u017ee z mozaikom je 31,5&#215;31,5 cm, kar omogo\u010da enostavno polaganje.<\/p>\n<p>Kliknite na ime kolekcije za ogled vseh plo\u0161\u010dic iz te serije: <a class=\"pdfcatal\" href=\"\/\/www.ceramictiles.com\/pdf\/vidrepur\/catalogue_vidrepur_online_collections.pdf\" onclick=\"recordOutboundLink(this, 'E-mail', 'Description PDF');return false;\">Vidrepur Online Collections<\/a><\/p>\n<p>\u010ce \u017eelite naro\u010diti model iz pdf kataloga te kolekcije, nam pi\u0161ite na: <a href=\"mailto:keramoteka.salon@gmail.com\" onclick=\"recordOutboundLink(this, 'E-mail', 'Description mail');return false;\">keramoteka.salon@gmail.com<\/a> ali pa nas pokli\u010dite na: +386 31 255 900.<\/p>\n<p>Technical description: <\/p>\n<p>Min. 1 box &#8211; Delivery 30 Euro\/box in EU<\/p>\n","protected":false},"excerpt":{"rendered":"<p>Ta mozaik je na voljo v \u010dudoviti sivi prevladujo\u010di barvi, \u010de \u017eelite kak\u0161no drugo barvo pa nas kontaktirajte in preverili bomo pri proizvajalcu. Vidrepur mosaico Moka Rombo 25X25 je plo\u0161\u010dica proizvajalca Vidrepur in prihaja iz \u0160panije. Na spletu boste za ta mozaik od\u0161teli le 62,5 EUR, medtem ko v redni prodaji cena zna\u0161a 78,12 EUR. [&hellip;]<\/p>\n","protected":false},"featured_media":100227,"template":"","meta":[],"product_cat":[400,999,410,9991712],"product_tag":[],"_links":{"self":[{"href":"https:\/\/www.keramika.com\/slovenija\/wp-json\/wp\/v2\/product\/100226"}],"collection":[{"href":"https:\/\/www.keramika.com\/slovenija\/wp-json\/wp\/v2\/product"}],"about":[{"href":"https:\/\/www.keramika.com\/slovenija\/wp-json\/wp\/v2\/types\/product"}],"wp:featuredmedia":[{"embeddable":true,"href":"https:\/\/www.keramika.com\/slovenija\/wp-json\/wp\/v2\/media\/100227"}],"wp:attachment":[{"href":"https:\/\/www.keramika.com\/slovenija\/wp-json\/wp\/v2\/media?parent=100226"}],"wp:term":[{"taxonomy":"product_cat","embeddable":true,"href":"https:\/\/www.keramika.com\/slovenija\/wp-json\/wp\/v2\/product_cat?post=100226"},{"taxonomy":"product_tag","embeddable":true,"href":"https:\/\/www.keramika.com\/slovenija\/wp-json\/wp\/v2\/product_tag?post=100226"}],"curies":[{"name":"wp","href":"https:\/\/api.w.org\/{rel}","templated":true}]}}