{"id":100140,"date":"2017-03-22T22:32:34","date_gmt":"2017-03-22T22:32:34","guid":{"rendered":"http:\/\/keramika.holest.com\/slovenija\/product\/vidrepur-mozaik-zafiro-25x25\/"},"modified":"2026-01-01T00:00:55","modified_gmt":"2026-01-01T00:00:55","slug":"vidrepur-mozaik-zafiro-25x25","status":"publish","type":"product","link":"https:\/\/www.keramika.com\/slovenija\/vidrepur-mozaik-zafiro-25x25\/","title":{"rendered":"Vidrepur mozaik Zafiro 25X25"},"content":{"rendered":"<p>Vidrepur mosaico Zafiro 25X25 je plo\u0161\u010dica proizvajalca Vidrepur in prihaja iz \u0160panije. Ta mozaik je debel 4 mm in je zelo trpe\u017een. Namesto 43,75 EUR kot bi za ta mozaik od\u0161teli v klasi\u010dni trgovini, boste v na\u0161i spletni prodajalni od\u0161teli le 35 EUR. Mozaik na sliki je pripet na mre\u017eo, kar olaj\u0161a njegovo polaganje. Mre\u017ea je velika 31,5&#215;31,5 cm. Letos so mozaiki v beli barvi zelo za\u017eeljeni.<\/p>\n<p>Kliknite na ime kolekcije za ogled vseh plo\u0161\u010dic iz te serije: <a class=\"pdfcatal\" href=\"\/\/www.ceramictiles.com\/pdf\/vidrepur\/catalogue_vidrepur_colors.pdf\" onclick=\"recordOutboundLink(this, 'E-mail', 'Description PDF');return false;\">Vidrepur Colors<\/a><\/p>\n<p>\u010ce \u017eelite naro\u010diti model iz pdf kataloga te kolekcije, nam pi\u0161ite na: <a href=\"mailto:keramoteka.salon@gmail.com\" onclick=\"recordOutboundLink(this, 'E-mail', 'Description mail');return false;\">keramoteka.salon@gmail.com<\/a> ali pa nas pokli\u010dite na: +386 31 255 900.<\/p>\n<p>Technical description: <\/p>\n<p>Min. 1 box &#8211; Delivery 30 Euro\/box in EU<\/p>\n","protected":false},"excerpt":{"rendered":"<p>Vidrepur mosaico Zafiro 25X25 je plo\u0161\u010dica proizvajalca Vidrepur in prihaja iz \u0160panije. Ta mozaik je debel 4 mm in je zelo trpe\u017een. Namesto 43,75 EUR kot bi za ta mozaik od\u0161teli v klasi\u010dni trgovini, boste v na\u0161i spletni prodajalni od\u0161teli le 35 EUR. Mozaik na sliki je pripet na mre\u017eo, kar olaj\u0161a njegovo polaganje. Mre\u017ea [&hellip;]<\/p>\n","protected":false},"featured_media":100141,"template":"","meta":[],"product_cat":[400,999,410,9991712],"product_tag":[],"_links":{"self":[{"href":"https:\/\/www.keramika.com\/slovenija\/wp-json\/wp\/v2\/product\/100140"}],"collection":[{"href":"https:\/\/www.keramika.com\/slovenija\/wp-json\/wp\/v2\/product"}],"about":[{"href":"https:\/\/www.keramika.com\/slovenija\/wp-json\/wp\/v2\/types\/product"}],"wp:featuredmedia":[{"embeddable":true,"href":"https:\/\/www.keramika.com\/slovenija\/wp-json\/wp\/v2\/media\/100141"}],"wp:attachment":[{"href":"https:\/\/www.keramika.com\/slovenija\/wp-json\/wp\/v2\/media?parent=100140"}],"wp:term":[{"taxonomy":"product_cat","embeddable":true,"href":"https:\/\/www.keramika.com\/slovenija\/wp-json\/wp\/v2\/product_cat?post=100140"},{"taxonomy":"product_tag","embeddable":true,"href":"https:\/\/www.keramika.com\/slovenija\/wp-json\/wp\/v2\/product_tag?post=100140"}],"curies":[{"name":"wp","href":"https:\/\/api.w.org\/{rel}","templated":true}]}}