{"id":100112,"date":"2017-03-22T22:32:00","date_gmt":"2017-03-22T22:32:00","guid":{"rendered":"http:\/\/keramika.holest.com\/slovenija\/product\/vidrepur-mozaik-a-niebla-negro-25x25\/"},"modified":"2026-01-01T00:00:52","modified_gmt":"2026-01-01T00:00:52","slug":"vidrepur-mozaik-a-niebla-negro-25x25","status":"publish","type":"product","link":"https:\/\/www.keramika.com\/slovenija\/vidrepur-mozaik-a-niebla-negro-25x25\/","title":{"rendered":"Vidrepur mozaik A Niebla Negro 25X25"},"content":{"rendered":"<p>Redna cena tega mozaika v maloprodaji zna\u0161a 44,31 EUR, v na\u0161i spletni trgovini pa ga lahko dobite \u017ee za 35,45 EUR. Debelina kar 4 mm dela ta mozaik zelo trpe\u017een in presti\u017een na otip. Ta model mozaik plo\u0161\u010dic se najbolje prodaja v \u010drni barvi. Z 31,5&#215;31,5 cm je mre\u017ea na katero so pripete te mozaik plo\u0161\u010dice primerna za razli\u010dne podlage. Ta mozaik je izdelal proizvajalec Vidrepur, ki prihaja iz \u0160panije.<\/p>\n<p>Kliknite na ime kolekcije za ogled vseh plo\u0161\u010dic iz te serije: <a class=\"pdfcatal\" href=\"\/\/www.ceramictiles.com\/pdf\/vidrepur\/catalogue_vidrepur_colors.pdf\" onclick=\"recordOutboundLink(this, 'E-mail', 'Description PDF');return false;\">Vidrepur Colors<\/a><\/p>\n<p>\u010ce \u017eelite naro\u010diti model iz pdf kataloga te kolekcije, nam pi\u0161ite na: <a href=\"mailto:keramoteka.salon@gmail.com\" onclick=\"recordOutboundLink(this, 'E-mail', 'Description mail');return false;\">keramoteka.salon@gmail.com<\/a> ali pa nas pokli\u010dite na: +386 31 255 900.<\/p>\n<p>Technical description: <\/p>\n<p>Min. 1 box &#8211; Delivery 30 Euro\/box in EU<\/p>\n","protected":false},"excerpt":{"rendered":"<p>Redna cena tega mozaika v maloprodaji zna\u0161a 44,31 EUR, v na\u0161i spletni trgovini pa ga lahko dobite \u017ee za 35,45 EUR. Debelina kar 4 mm dela ta mozaik zelo trpe\u017een in presti\u017een na otip. Ta model mozaik plo\u0161\u010dic se najbolje prodaja v \u010drni barvi. Z 31,5&#215;31,5 cm je mre\u017ea na katero so pripete te mozaik [&hellip;]<\/p>\n","protected":false},"featured_media":100113,"template":"","meta":[],"product_cat":[400,999,410,9991712],"product_tag":[],"_links":{"self":[{"href":"https:\/\/www.keramika.com\/slovenija\/wp-json\/wp\/v2\/product\/100112"}],"collection":[{"href":"https:\/\/www.keramika.com\/slovenija\/wp-json\/wp\/v2\/product"}],"about":[{"href":"https:\/\/www.keramika.com\/slovenija\/wp-json\/wp\/v2\/types\/product"}],"wp:featuredmedia":[{"embeddable":true,"href":"https:\/\/www.keramika.com\/slovenija\/wp-json\/wp\/v2\/media\/100113"}],"wp:attachment":[{"href":"https:\/\/www.keramika.com\/slovenija\/wp-json\/wp\/v2\/media?parent=100112"}],"wp:term":[{"taxonomy":"product_cat","embeddable":true,"href":"https:\/\/www.keramika.com\/slovenija\/wp-json\/wp\/v2\/product_cat?post=100112"},{"taxonomy":"product_tag","embeddable":true,"href":"https:\/\/www.keramika.com\/slovenija\/wp-json\/wp\/v2\/product_tag?post=100112"}],"curies":[{"name":"wp","href":"https:\/\/api.w.org\/{rel}","templated":true}]}}