{"id":100086,"date":"2017-03-22T22:31:27","date_gmt":"2017-03-22T22:31:27","guid":{"rendered":"http:\/\/keramika.holest.com\/slovenija\/product\/vidrepur-mozaik-niebla-verde-cannes-50x50\/"},"modified":"2026-01-01T00:00:50","modified_gmt":"2026-01-01T00:00:50","slug":"vidrepur-mozaik-niebla-verde-cannes-50x50","status":"publish","type":"product","link":"https:\/\/www.keramika.com\/slovenija\/vidrepur-mozaik-niebla-verde-cannes-50x50\/","title":{"rendered":"Vidrepur mozaik Niebla Verde Cannes 50&#215;50"},"content":{"rendered":"<p>Zelo moderen mozaik v dominanti modri barvi popestri prav vsak prostor. Ta mozaik je izdelal proizvajalec Vidrepur, ki prihaja iz \u0160panije. V redni prodaji bi morali za ta mozaik od\u0161teti 68,28 EUR, spletna cena pa zna\u0161a le 54,62 EUR. Z 31,5&#215;31,5 cm je mre\u017ea na katero so pripete te mozaik plo\u0161\u010dice primerna za razli\u010dne podlage. Debelina kar 4 mm dela ta mozaik zelo trpe\u017een in presti\u017een na otip.<\/p>\n<p>Kliknite na ime kolekcije za ogled vseh plo\u0161\u010dic iz te serije: <a class=\"pdfcatal\" href=\"\/\/www.ceramictiles.com\/pdf\/vidrepur\/catalogue_vidrepur_colors.pdf\" onclick=\"recordOutboundLink(this, 'E-mail', 'Description PDF');return false;\">Vidrepur Colors<\/a><\/p>\n<p>\u010ce \u017eelite naro\u010diti model iz pdf kataloga te kolekcije, nam pi\u0161ite na: <a href=\"mailto:keramoteka.salon@gmail.com\" onclick=\"recordOutboundLink(this, 'E-mail', 'Description mail');return false;\">keramoteka.salon@gmail.com<\/a> ali pa nas pokli\u010dite na: +386 31 255 900.<\/p>\n<p>Technical description: <\/p>\n<p>Min. 1 box &#8211; Delivery 30 Euro\/box in EU<\/p>\n","protected":false},"excerpt":{"rendered":"<p>Zelo moderen mozaik v dominanti modri barvi popestri prav vsak prostor. Ta mozaik je izdelal proizvajalec Vidrepur, ki prihaja iz \u0160panije. V redni prodaji bi morali za ta mozaik od\u0161teti 68,28 EUR, spletna cena pa zna\u0161a le 54,62 EUR. Z 31,5&#215;31,5 cm je mre\u017ea na katero so pripete te mozaik plo\u0161\u010dice primerna za razli\u010dne podlage. [&hellip;]<\/p>\n","protected":false},"featured_media":100087,"template":"","meta":[],"product_cat":[400,999,410,9991712],"product_tag":[],"_links":{"self":[{"href":"https:\/\/www.keramika.com\/slovenija\/wp-json\/wp\/v2\/product\/100086"}],"collection":[{"href":"https:\/\/www.keramika.com\/slovenija\/wp-json\/wp\/v2\/product"}],"about":[{"href":"https:\/\/www.keramika.com\/slovenija\/wp-json\/wp\/v2\/types\/product"}],"wp:featuredmedia":[{"embeddable":true,"href":"https:\/\/www.keramika.com\/slovenija\/wp-json\/wp\/v2\/media\/100087"}],"wp:attachment":[{"href":"https:\/\/www.keramika.com\/slovenija\/wp-json\/wp\/v2\/media?parent=100086"}],"wp:term":[{"taxonomy":"product_cat","embeddable":true,"href":"https:\/\/www.keramika.com\/slovenija\/wp-json\/wp\/v2\/product_cat?post=100086"},{"taxonomy":"product_tag","embeddable":true,"href":"https:\/\/www.keramika.com\/slovenija\/wp-json\/wp\/v2\/product_tag?post=100086"}],"curies":[{"name":"wp","href":"https:\/\/api.w.org\/{rel}","templated":true}]}}