{"id":100074,"date":"2017-03-22T22:31:10","date_gmt":"2017-03-22T22:31:10","guid":{"rendered":"http:\/\/keramika.holest.com\/slovenija\/product\/vidrepur-mozaik-niebla-naranja-50x50\/"},"modified":"2026-01-01T00:00:49","modified_gmt":"2026-01-01T00:00:49","slug":"vidrepur-mozaik-niebla-naranja-50x50","status":"publish","type":"product","link":"https:\/\/www.keramika.com\/slovenija\/vidrepur-mozaik-niebla-naranja-50x50\/","title":{"rendered":"Vidrepur mozaik Niebla naranja 50&#215;50"},"content":{"rendered":"<p>Debelina plo\u0161\u010dice je zelo pomembna in 4 mm uvr\u0161\u010da ta mozaik med najkvalitetnej\u0161e. Namesto 68,28 EUR kot bi za ta mozaik od\u0161teli v klasi\u010dni trgovini, boste v na\u0161i spletni prodajalni od\u0161teli le 54,62 EUR. Ta model mozaik plo\u0161\u010dic se najbolje prodaja v be\u017e barvi. Ta mozaik je izdelal proizvajalec Vidrepur, ki prihaja iz \u0160panije. \u0160irina in dol\u017eina mre\u017ee na katero je pripet ta mozaik sta 31,5&#215;31,5 cm. Mre\u017eo lahko enostavno polo\u017eite na razli\u010dne povr\u0161ine.<\/p>\n<p>Kliknite na ime kolekcije za ogled vseh plo\u0161\u010dic iz te serije: <a class=\"pdfcatal\" href=\"\/\/www.ceramictiles.com\/pdf\/vidrepur\/catalogue_vidrepur_colors.pdf\" onclick=\"recordOutboundLink(this, 'E-mail', 'Description PDF');return false;\">Vidrepur Colors<\/a><\/p>\n<p>\u010ce \u017eelite naro\u010diti model iz pdf kataloga te kolekcije, nam pi\u0161ite na: <a href=\"mailto:keramoteka.salon@gmail.com\" onclick=\"recordOutboundLink(this, 'E-mail', 'Description mail');return false;\">keramoteka.salon@gmail.com<\/a> ali pa nas pokli\u010dite na: +386 31 255 900.<\/p>\n<p>Technical description: <\/p>\n<p>Min. 1 box &#8211; Delivery 30 Euro\/box in EU<\/p>\n","protected":false},"excerpt":{"rendered":"<p>Debelina plo\u0161\u010dice je zelo pomembna in 4 mm uvr\u0161\u010da ta mozaik med najkvalitetnej\u0161e. Namesto 68,28 EUR kot bi za ta mozaik od\u0161teli v klasi\u010dni trgovini, boste v na\u0161i spletni prodajalni od\u0161teli le 54,62 EUR. Ta model mozaik plo\u0161\u010dic se najbolje prodaja v be\u017e barvi. Ta mozaik je izdelal proizvajalec Vidrepur, ki prihaja iz \u0160panije. \u0160irina [&hellip;]<\/p>\n","protected":false},"featured_media":100075,"template":"","meta":[],"product_cat":[400,999,410,9991712],"product_tag":[],"_links":{"self":[{"href":"https:\/\/www.keramika.com\/slovenija\/wp-json\/wp\/v2\/product\/100074"}],"collection":[{"href":"https:\/\/www.keramika.com\/slovenija\/wp-json\/wp\/v2\/product"}],"about":[{"href":"https:\/\/www.keramika.com\/slovenija\/wp-json\/wp\/v2\/types\/product"}],"wp:featuredmedia":[{"embeddable":true,"href":"https:\/\/www.keramika.com\/slovenija\/wp-json\/wp\/v2\/media\/100075"}],"wp:attachment":[{"href":"https:\/\/www.keramika.com\/slovenija\/wp-json\/wp\/v2\/media?parent=100074"}],"wp:term":[{"taxonomy":"product_cat","embeddable":true,"href":"https:\/\/www.keramika.com\/slovenija\/wp-json\/wp\/v2\/product_cat?post=100074"},{"taxonomy":"product_tag","embeddable":true,"href":"https:\/\/www.keramika.com\/slovenija\/wp-json\/wp\/v2\/product_tag?post=100074"}],"curies":[{"name":"wp","href":"https:\/\/api.w.org\/{rel}","templated":true}]}}