{"id":100036,"date":"2017-03-22T22:30:37","date_gmt":"2017-03-22T22:30:37","guid":{"rendered":"http:\/\/keramika.holest.com\/slovenija\/product\/vidrepur-mozaik-niebla-verde-cannes-38x38\/"},"modified":"2026-01-01T00:00:45","modified_gmt":"2026-01-01T00:00:45","slug":"vidrepur-mozaik-niebla-verde-cannes-38x38","status":"publish","type":"product","link":"https:\/\/www.keramika.com\/slovenija\/vidrepur-mozaik-niebla-verde-cannes-38x38\/","title":{"rendered":"Vidrepur mozaik Niebla Verde Cannes 38&#215;38"},"content":{"rendered":"<p>Vidrepur mosaico Niebla Verde Cannes 38&#215;38 je plo\u0161\u010dica proizvajalca Vidrepur in prihaja iz \u0160panije. Z 31,5&#215;31,5 cm je mre\u017ea na katero so pripete te mozaik plo\u0161\u010dice primerna za razli\u010dne podlage. Debelina plo\u0161\u010dice je zelo pomembna in 4 mm uvr\u0161\u010da ta mozaik med najkvalitetnej\u0161e. V redni prodaji bi morali za ta mozaik od\u0161teti 42,72 EUR, spletna cena pa zna\u0161a le 34,17 EUR. Ta mozaik plo\u0161\u010dica v \u010dudoviti modri barvi bo obogatila vsak prostor.<\/p>\n<p>Kliknite na ime kolekcije za ogled vseh plo\u0161\u010dic iz te serije: <a class=\"pdfcatal\" href=\"\/\/www.ceramictiles.com\/pdf\/vidrepur\/catalogue_vidrepur_colors.pdf\" onclick=\"recordOutboundLink(this, 'E-mail', 'Description PDF');return false;\">Vidrepur Colors<\/a><\/p>\n<p>\u010ce \u017eelite naro\u010diti model iz pdf kataloga te kolekcije, nam pi\u0161ite na: <a href=\"mailto:keramoteka.salon@gmail.com\" onclick=\"recordOutboundLink(this, 'E-mail', 'Description mail');return false;\">keramoteka.salon@gmail.com<\/a> ali pa nas pokli\u010dite na: +386 31 255 900.<\/p>\n<p>Technical description: <\/p>\n<p>Min. 1 box &#8211; Delivery 30 Euro\/box in EU<\/p>\n","protected":false},"excerpt":{"rendered":"<p>Vidrepur mosaico Niebla Verde Cannes 38&#215;38 je plo\u0161\u010dica proizvajalca Vidrepur in prihaja iz \u0160panije. Z 31,5&#215;31,5 cm je mre\u017ea na katero so pripete te mozaik plo\u0161\u010dice primerna za razli\u010dne podlage. Debelina plo\u0161\u010dice je zelo pomembna in 4 mm uvr\u0161\u010da ta mozaik med najkvalitetnej\u0161e. V redni prodaji bi morali za ta mozaik od\u0161teti 42,72 EUR, spletna [&hellip;]<\/p>\n","protected":false},"featured_media":100037,"template":"","meta":[],"product_cat":[400,999,410,9991712],"product_tag":[],"_links":{"self":[{"href":"https:\/\/www.keramika.com\/slovenija\/wp-json\/wp\/v2\/product\/100036"}],"collection":[{"href":"https:\/\/www.keramika.com\/slovenija\/wp-json\/wp\/v2\/product"}],"about":[{"href":"https:\/\/www.keramika.com\/slovenija\/wp-json\/wp\/v2\/types\/product"}],"wp:featuredmedia":[{"embeddable":true,"href":"https:\/\/www.keramika.com\/slovenija\/wp-json\/wp\/v2\/media\/100037"}],"wp:attachment":[{"href":"https:\/\/www.keramika.com\/slovenija\/wp-json\/wp\/v2\/media?parent=100036"}],"wp:term":[{"taxonomy":"product_cat","embeddable":true,"href":"https:\/\/www.keramika.com\/slovenija\/wp-json\/wp\/v2\/product_cat?post=100036"},{"taxonomy":"product_tag","embeddable":true,"href":"https:\/\/www.keramika.com\/slovenija\/wp-json\/wp\/v2\/product_tag?post=100036"}],"curies":[{"name":"wp","href":"https:\/\/api.w.org\/{rel}","templated":true}]}}