{"id":100026,"date":"2017-03-22T22:30:22","date_gmt":"2017-03-22T22:30:22","guid":{"rendered":"http:\/\/keramika.holest.com\/slovenija\/product\/vidrepur-mozaik-niebla-marrom-38x38\/"},"modified":"2026-01-01T00:00:44","modified_gmt":"2026-01-01T00:00:44","slug":"vidrepur-mozaik-niebla-marrom-38x38","status":"publish","type":"product","link":"https:\/\/www.keramika.com\/slovenija\/vidrepur-mozaik-niebla-marrom-38x38\/","title":{"rendered":"Vidrepur mozaik Niebla Marrom 38&#215;38"},"content":{"rendered":"<p>Prihaja iz \u0160panije, ki po svetu slovi kot ena bolj\u0161ih proizvajalk kerami\u010dnih plo\u0161\u010dic. Z velikostjo mre\u017ee 31,5&#215;31,5 cm na katero je pripet, je ta mozaik primeren ze razli\u010dne povr\u0161ine. V redni prodaji bi morali za ta mozaik od\u0161teti 42,72 EUR, spletna cena pa zna\u0161a le 34,17 EUR. Keramika v rjavi barvi popestri vsak prostor. Debelina kar 4 mm dela ta mozaik zelo trpe\u017een in presti\u017een na otip.<\/p>\n<p>Kliknite na ime kolekcije za ogled vseh plo\u0161\u010dic iz te serije: <a class=\"pdfcatal\" href=\"\/\/www.ceramictiles.com\/pdf\/vidrepur\/catalogue_vidrepur_colors.pdf\" onclick=\"recordOutboundLink(this, 'E-mail', 'Description PDF');return false;\">Vidrepur Colors<\/a><\/p>\n<p>\u010ce \u017eelite naro\u010diti model iz pdf kataloga te kolekcije, nam pi\u0161ite na: <a href=\"mailto:keramoteka.salon@gmail.com\" onclick=\"recordOutboundLink(this, 'E-mail', 'Description mail');return false;\">keramoteka.salon@gmail.com<\/a> ali pa nas pokli\u010dite na: +386 31 255 900.<\/p>\n<p>Technical description: <\/p>\n<p>Min. 1 box &#8211; Delivery 30 Euro\/box in EU<\/p>\n","protected":false},"excerpt":{"rendered":"<p>Prihaja iz \u0160panije, ki po svetu slovi kot ena bolj\u0161ih proizvajalk kerami\u010dnih plo\u0161\u010dic. Z velikostjo mre\u017ee 31,5&#215;31,5 cm na katero je pripet, je ta mozaik primeren ze razli\u010dne povr\u0161ine. V redni prodaji bi morali za ta mozaik od\u0161teti 42,72 EUR, spletna cena pa zna\u0161a le 34,17 EUR. Keramika v rjavi barvi popestri vsak prostor. Debelina [&hellip;]<\/p>\n","protected":false},"featured_media":100027,"template":"","meta":[],"product_cat":[400,999,410,9991712],"product_tag":[],"_links":{"self":[{"href":"https:\/\/www.keramika.com\/slovenija\/wp-json\/wp\/v2\/product\/100026"}],"collection":[{"href":"https:\/\/www.keramika.com\/slovenija\/wp-json\/wp\/v2\/product"}],"about":[{"href":"https:\/\/www.keramika.com\/slovenija\/wp-json\/wp\/v2\/types\/product"}],"wp:featuredmedia":[{"embeddable":true,"href":"https:\/\/www.keramika.com\/slovenija\/wp-json\/wp\/v2\/media\/100027"}],"wp:attachment":[{"href":"https:\/\/www.keramika.com\/slovenija\/wp-json\/wp\/v2\/media?parent=100026"}],"wp:term":[{"taxonomy":"product_cat","embeddable":true,"href":"https:\/\/www.keramika.com\/slovenija\/wp-json\/wp\/v2\/product_cat?post=100026"},{"taxonomy":"product_tag","embeddable":true,"href":"https:\/\/www.keramika.com\/slovenija\/wp-json\/wp\/v2\/product_tag?post=100026"}],"curies":[{"name":"wp","href":"https:\/\/api.w.org\/{rel}","templated":true}]}}