{"id":9,"date":"2017-03-23T10:05:31","date_gmt":"2017-03-23T10:05:31","guid":{"rendered":"http:\/\/www.ceramictiles.com\/slovenija\/kontakt\/"},"modified":"2025-07-01T10:58:01","modified_gmt":"2025-07-01T10:58:01","slug":"kontakt","status":"publish","type":"page","link":"https:\/\/www.keramika.com\/slovenija\/kontakt\/","title":{"rendered":"Kontakt"},"content":{"rendered":"<p><strong>Keramoteka &#8211; salon keramike<\/strong><br \/>\nPod Hru\u0161evco 34C<br \/>\n1360 Vrhnika<\/p>\n<p>Keramoteka je salon zaprtega tipa, kjer se za obisk dogovorimo in se vam individualno posvetimo.<\/p>\n<p>Rezervirajte si termin za predstavitev izdelkov in individualno svetovanje na\u0161ih strokovnjakov v prijetnem ambientu salona Keramoteka.<\/p>\n<p>V primeru kak\u0161nih koli vpra\u0161anj, se obrnite na nas preko elektronske po\u0161te ali spodnje telefonske \u0161tevilke in z veseljem vam pomagamo.<\/p>\n<p><b>Naro\u010dila <\/b><\/p>\n<p><b>Info telefonska \u0161tevilka:<\/b><br \/>\nT: <b>031 255 900 <\/b><br \/>\n<b> <\/b><br \/>\nE: <b><a href=\"mailto:keramoteka.salon@gmail.com\">keramoteka.salon@gmail.com<\/a><\/b><\/p>\n","protected":false},"excerpt":{"rendered":"<p>Keramoteka &#8211; salon keramike Pod Hru\u0161evco 34C 1360 Vrhnika Keramoteka je salon zaprtega tipa, kjer se za obisk dogovorimo in se vam individualno posvetimo. Rezervirajte si termin za predstavitev izdelkov in individualno svetovanje na\u0161ih strokovnjakov v prijetnem ambientu salona Keramoteka. V primeru kak\u0161nih koli vpra\u0161anj, se obrnite na nas preko elektronske po\u0161te ali spodnje telefonske [&hellip;]<\/p>\n","protected":false},"author":1,"featured_media":0,"parent":0,"menu_order":0,"comment_status":"closed","ping_status":"closed","template":"","meta":[],"_links":{"self":[{"href":"https:\/\/www.keramika.com\/slovenija\/wp-json\/wp\/v2\/pages\/9"}],"collection":[{"href":"https:\/\/www.keramika.com\/slovenija\/wp-json\/wp\/v2\/pages"}],"about":[{"href":"https:\/\/www.keramika.com\/slovenija\/wp-json\/wp\/v2\/types\/page"}],"author":[{"embeddable":true,"href":"https:\/\/www.keramika.com\/slovenija\/wp-json\/wp\/v2\/users\/1"}],"replies":[{"embeddable":true,"href":"https:\/\/www.keramika.com\/slovenija\/wp-json\/wp\/v2\/comments?post=9"}],"version-history":[{"count":1,"href":"https:\/\/www.keramika.com\/slovenija\/wp-json\/wp\/v2\/pages\/9\/revisions"}],"predecessor-version":[{"id":112257,"href":"https:\/\/www.keramika.com\/slovenija\/wp-json\/wp\/v2\/pages\/9\/revisions\/112257"}],"wp:attachment":[{"href":"https:\/\/www.keramika.com\/slovenija\/wp-json\/wp\/v2\/media?parent=9"}],"curies":[{"name":"wp","href":"https:\/\/api.w.org\/{rel}","templated":true}]}}