{"id":5,"date":"2017-03-23T10:05:31","date_gmt":"2017-03-23T10:05:31","guid":{"rendered":"http:\/\/www.ceramictiles.com\/slovenija\/kje-nas-najdete\/"},"modified":"2017-03-23T10:05:31","modified_gmt":"2017-03-23T10:05:31","slug":"kje-nas-najdete","status":"publish","type":"page","link":"https:\/\/www.keramika.com\/slovenija\/kje-nas-najdete\/","title":{"rendered":"Kje nas najdete"},"content":{"rendered":"<p>Nekatere na\u0161e izdelke lahko kupite v spodnjih trgovinah. \u010ce v posamezni trgovini ne najdete \u017eeljenega izdelka iz na\u0161e ponudbe, nas kontaktirajte in dogovorili se bomo o dostavi. Telefon: 031 255 900.<\/p>\n<p>Seveda lahko vse na\u0161e izdelke naro\u010dite preko spleta ali preko telefona.<\/p>\n<p>\u010ce \u017eelite prodajati na\u0161e izdelke v va\u0161em kraju, nas prav tako kontaktirajte!<\/p>\n<p><center><iframe loading=\"lazy\" width=\"550\" height=\"360\" frameborder=\"0\" scrolling=\"no\" marginheight=\"0\" marginwidth=\"0\" src=\"http:\/\/maps.google.com\/maps\/ms?msid=205427928943340958567.0004a637f442eb516aca3&amp;msa=0&amp;ie=UTF8&amp;ll=46.369674,15.03479&amp;spn=3.058701,4.938354&amp;output=embed\"><\/iframe><br \/><small><a href=\"http:\/\/maps.google.com\/maps\/ms?msid=205427928943340958567.0004a637f442eb516aca3&amp;msa=0&amp;ie=UTF8&amp;ll=46.369674,15.03479&amp;spn=3.058701,4.938354&amp;source=embed\" style=\"color:#0000FF;text-align:left\">e-Ceramica Slovenija<\/a><\/small><\/center><\/p>\n","protected":false},"excerpt":{"rendered":"<p>Nekatere na\u0161e izdelke lahko kupite v spodnjih trgovinah. \u010ce v posamezni trgovini ne najdete \u017eeljenega izdelka iz na\u0161e ponudbe, nas kontaktirajte in dogovorili se bomo o dostavi. Telefon: 031 255 900. Seveda lahko vse na\u0161e izdelke naro\u010dite preko spleta ali preko telefona. \u010ce \u017eelite prodajati na\u0161e izdelke v va\u0161em kraju, nas prav tako kontaktirajte! e-Ceramica [&hellip;]<\/p>\n","protected":false},"author":1,"featured_media":0,"parent":0,"menu_order":0,"comment_status":"closed","ping_status":"closed","template":"","meta":[],"_links":{"self":[{"href":"https:\/\/www.keramika.com\/slovenija\/wp-json\/wp\/v2\/pages\/5"}],"collection":[{"href":"https:\/\/www.keramika.com\/slovenija\/wp-json\/wp\/v2\/pages"}],"about":[{"href":"https:\/\/www.keramika.com\/slovenija\/wp-json\/wp\/v2\/types\/page"}],"author":[{"embeddable":true,"href":"https:\/\/www.keramika.com\/slovenija\/wp-json\/wp\/v2\/users\/1"}],"replies":[{"embeddable":true,"href":"https:\/\/www.keramika.com\/slovenija\/wp-json\/wp\/v2\/comments?post=5"}],"version-history":[{"count":0,"href":"https:\/\/www.keramika.com\/slovenija\/wp-json\/wp\/v2\/pages\/5\/revisions"}],"wp:attachment":[{"href":"https:\/\/www.keramika.com\/slovenija\/wp-json\/wp\/v2\/media?parent=5"}],"curies":[{"name":"wp","href":"https:\/\/api.w.org\/{rel}","templated":true}]}}