{"id":42230,"date":"2017-03-23T10:05:32","date_gmt":"2017-03-23T10:05:32","guid":{"rendered":"http:\/\/www.ceramictiles.com\/slovenija\/visece-wc-skoljke\/"},"modified":"2017-05-06T15:05:59","modified_gmt":"2017-05-06T15:05:59","slug":"visece-wc-skoljke","status":"publish","type":"page","link":"https:\/\/www.keramika.com\/slovenija\/visece-wc-skoljke\/","title":{"rendered":"Vise\u010de WC \u0161koljke"},"content":{"rendered":"<p>Za naro\u010dila nas kontaktirajte na<strong>: <a href=\"mailto:keramoteka.salon@gmail.com\">keramoteka.salon@gmail.com<\/a><\/strong><\/p>\n<p><strong>Vrhunske WC \u0161koljke Advance<\/strong><\/p>\n<p><strong>Bela WC \u0161koljka\u00a0<strong>279.83 \u20ac<\/strong>\u00a0(ID: 127032) ;<br \/>\n<strong>\u010crna WC \u0161koljka\u00a0<strong>447.72 \u20ac<\/strong>\u00a0(ID: 127032 CR) ;<br \/>\n&#8212;&#8212;&#8212;&#8212;&#8212;&#8212;&#8212;&#8211;<br \/>\n[vc_row]<br \/>\n[vc_column css_animation=&#8221;fadeIn&#8221; width=&#8221;1\/4&#8243; text_align=&#8221;center&#8221; el_class=&#8221;text-center&#8221; css=&#8221;.vc_custom_1489257216572{border-radius: 4px !important;}&#8221;][vc_single_image source=&#8221;external_link&#8221; alignment=&#8221;center&#8221; onclick=&#8221;custom_link&#8221; img_link_target=&#8221;_blank&#8221; link=&#8221;https:\/\/www.ceramictiles.com\/pdf\/sanindusa\/127032.pdf&#8221; title=&#8221;Advance&#8221; custom_src=&#8221;https:\/\/www.ceramictiles.com\/images\/sanindusa\/advance_wall_hung_wc-be.jpg&#8221; label=&#8221;&#8221;][vc_column_text]<\/p>\n<p style=\"text-align: center;\">Sanindusa<br \/>Vise\u010de WC \u0161koljke<strong><br \/><a href=\"mailto:keramoteka.salon@gmail.com\" onclick=\"recordOutboundLink(this, 'E-mail', 'Description mail');return false;\">Kontakt za dostavo <\/a><\/strong><br \/>\n[\/vc_column_text][\/vc_column][vc_column css_animation=&#8221;fadeIn&#8221; width=&#8221;1\/4&#8243; text_align=&#8221;center&#8221; el_class=&#8221;text-center&#8221; css=&#8221;.vc_custom_1489257216572{border-radius: 4px !important;}&#8221;][vc_single_image source=&#8221;external_link&#8221; alignment=&#8221;center&#8221; onclick=&#8221;custom_link&#8221; img_link_target=&#8221;_blank&#8221; link=&#8221;https:\/\/www.ceramictiles.com\/pdf\/sanindusa\/22731.pdf&#8221; title=&#8221;Advance&#8221; custom_src=&#8221;https:\/\/www.ceramictiles.com\/images\/sanindusa\/advance_wall_hung_wc-cr.jpg&#8221; label=&#8221;&#8221;][vc_column_text]<\/p>\n<p style=\"text-align: center;\">Sanindusa<br \/>Vise\u010de WC \u0161koljke<strong><br \/><a href=\"mailto:keramoteka.salon@gmail.com\" onclick=\"recordOutboundLink(this, 'E-mail', 'Description mail');return false;\">Kontakt za dostavo <\/a><\/strong><\/p>\n<p>[\/vc_column_text][\/vc_column][\/vc_row]<\/p>\n<p>[vc_row]<br \/>\n[vc_column css_animation=&#8221;fadeIn&#8221; width=&#8221;1\/4&#8243; text_align=&#8221;center&#8221; el_class=&#8221;text-center&#8221; css=&#8221;.vc_custom_1489257216572{border-radius: 4px !important;}&#8221;][vc_single_image source=&#8221;external_link&#8221; alignment=&#8221;center&#8221; onclick=&#8221;custom_link&#8221; img_link_target=&#8221;_blank&#8221; link=&#8221;https:\/\/www.ceramictiles.com\/pdf\/catalogue_sanindusa.pdf&#8221; title=&#8221;Advance&#8221; custom_src=&#8221;https:\/\/www.ceramictiles.com\/images\/sanindusa\/advance_toilet_seat_w_inox_hinges.jpg&#8221; label=&#8221;&#8221;][vc_column_text]<\/p>\n<p style=\"text-align: center;\">Sanindusa<br \/>WC deska<strong><br \/><a href=\"mailto:keramoteka.salon@gmail.com\" onclick=\"recordOutboundLink(this, 'E-mail', 'Description mail');return false;\">Kontakt za dostavo <\/a><\/strong><br \/>\n[\/vc_column_text][\/vc_column][vc_column css_animation=&#8221;fadeIn&#8221; width=&#8221;1\/4&#8243; text_align=&#8221;center&#8221; el_class=&#8221;text-center&#8221; css=&#8221;.vc_custom_1489257216572{border-radius: 4px !important;}&#8221;][vc_single_image source=&#8221;external_link&#8221; alignment=&#8221;center&#8221; onclick=&#8221;custom_link&#8221; img_link_target=&#8221;_blank&#8221; link=&#8221;https:\/\/www.ceramictiles.com\/pdf\/catalogue_sanindusa.pdf&#8221; title=&#8221;Advance&#8221; custom_src=&#8221;https:\/\/www.ceramictiles.com\/images\/sanindusa\/advance_toilet_seat_w_inox_hinges.jpg&#8221; label=&#8221;&#8221;][vc_column_text]<\/p>\n<p style=\"text-align: center;\">Sanindusa<br \/>WC deska<strong><br \/><a href=\"mailto:keramoteka.salon@gmail.com\" onclick=\"recordOutboundLink(this, 'E-mail', 'Description mail');return false;\">Kontakt za dostavo <\/a><\/strong><br \/>\n[\/vc_column_text][\/vc_column][vc_column css_animation=&#8221;fadeIn&#8221; width=&#8221;1\/4&#8243; text_align=&#8221;center&#8221; el_class=&#8221;text-center&#8221; css=&#8221;.vc_custom_1489257216572{border-radius: 4px !important;}&#8221;][vc_single_image source=&#8221;external_link&#8221; alignment=&#8221;center&#8221; onclick=&#8221;custom_link&#8221; img_link_target=&#8221;_blank&#8221; link=&#8221;https:\/\/www.ceramictiles.com\/pdf\/catalogue_sanindusa.pdf&#8221; title=&#8221;Advance&#8221; custom_src=&#8221;https:\/\/www.ceramictiles.com\/images\/sanindusa\/advance_toilet_seat_w_inox_hinge_cr.jpg&#8221; label=&#8221;&#8221;][vc_column_text]<\/p>\n<p style=\"text-align: center;\">Sanindusa<br \/>WC deska<strong><br \/><a href=\"mailto:keramoteka.salon@gmail.com\" onclick=\"recordOutboundLink(this, 'E-mail', 'Description mail');return false;\">Kontakt za dostavo <\/a><\/strong><br \/>\n[\/vc_column_text][\/vc_column][vc_column css_animation=&#8221;fadeIn&#8221; width=&#8221;1\/4&#8243; text_align=&#8221;center&#8221; el_class=&#8221;text-center&#8221; css=&#8221;.vc_custom_1489257216572{border-radius: 4px !important;}&#8221;][vc_single_image source=&#8221;external_link&#8221; alignment=&#8221;center&#8221; onclick=&#8221;custom_link&#8221; img_link_target=&#8221;_blank&#8221; link=&#8221;https:\/\/www.ceramictiles.com\/pdf\/catalogue_sanindusa.pdf&#8221; title=&#8221;Advance&#8221; custom_src=&#8221;https:\/\/www.ceramictiles.com\/images\/sanindusa\/advance_slowclose_toilet_seat_w_inox_hinges_cr.jpg&#8221; label=&#8221;&#8221;][vc_column_text]<\/p>\n<p style=\"text-align: center;\">Sanindusa<br \/>WC deska<strong><br \/><a href=\"mailto:keramoteka.salon@gmail.com\" onclick=\"recordOutboundLink(this, 'E-mail', 'Description mail');return false;\">Kontakt za dostavo <\/a><\/strong><br \/>\n[\/vc_column_text][\/vc_column][vc_column css_animation=&#8221;fadeIn&#8221; width=&#8221;1\/4&#8243; text_align=&#8221;center&#8221; el_class=&#8221;text-center&#8221; css=&#8221;.vc_custom_1489257216572{border-radius: 4px !important;}&#8221;][vc_single_image source=&#8221;external_link&#8221; alignment=&#8221;center&#8221; onclick=&#8221;custom_link&#8221; img_link_target=&#8221;_blank&#8221; link=&#8221;https:\/\/www.ceramictiles.com\/pdf\/catalogue_sanindusa.pdf&#8221; title=&#8221;Urb.Y&#8221; custom_src=&#8221;https:\/\/www.ceramictiles.com\/images\/sanindusa\/City53.jpg&#8221; label=&#8221;&#8221;][vc_column_text]<\/p>\n<p style=\"text-align: center;\">Sanindusa<br \/>Vise\u010de WC \u0161koljke<strong><br \/><a href=\"mailto:keramoteka.salon@gmail.com\" onclick=\"recordOutboundLink(this, 'E-mail', 'Description mail');return false;\">Kontakt za dostavo <\/a><\/strong><br \/>\n[\/vc_column_text][\/vc_column][vc_column css_animation=&#8221;fadeIn&#8221; width=&#8221;1\/4&#8243; text_align=&#8221;center&#8221; el_class=&#8221;text-center&#8221; css=&#8221;.vc_custom_1489257216572{border-radius: 4px !important;}&#8221;][vc_single_image source=&#8221;external_link&#8221; alignment=&#8221;center&#8221; onclick=&#8221;custom_link&#8221; img_link_target=&#8221;_blank&#8221; link=&#8221;href=&#8221;\/\/www.ceramictiles.com\/pdf\/sanindusa\/110042.pdf&#8221; title=&#8221;Cetus&#8221; custom_src=&#8221;https:\/\/www.ceramictiles.com\/images\/sanindusa\/e110042.jpg&#8221; label=&#8221;&#8221;][vc_column_text]<\/p>\n<p style=\"text-align: center;\">Sanindusa<br \/>Vise\u010de WC \u0161koljke<strong><br \/><a href=\"mailto:keramoteka.salon@gmail.com\" onclick=\"recordOutboundLink(this, 'E-mail', 'Description mail');return false;\">Kontakt za dostavo <\/a><\/strong><br \/>\n[\/vc_column_text][\/vc_column][vc_column css_animation=&#8221;fadeIn&#8221; width=&#8221;1\/4&#8243; text_align=&#8221;center&#8221; el_class=&#8221;text-center&#8221; css=&#8221;.vc_custom_1489257216572{border-radius: 4px !important;}&#8221;][vc_single_image source=&#8221;external_link&#8221; alignment=&#8221;center&#8221; onclick=&#8221;custom_link&#8221; img_link_target=&#8221;_blank&#8221; link=&#8221;https:\/\/www.ceramictiles.com\/pdf\/sanindusa\/110042.pdf&#8221; title=&#8221;Cetus&#8221; custom_src=&#8221;https:\/\/www.ceramictiles.com\/images\/sanindusa\/e21014.jpg&#8221; label=&#8221;&#8221;][vc_column_text]<\/p>\n<p style=\"text-align: center;\">Sanindusa<br \/>WC deska<strong><br \/><a href=\"mailto:keramoteka.salon@gmail.com\" onclick=\"recordOutboundLink(this, 'E-mail', 'Description mail');return false;\">Kontakt za dostavo <\/a><\/strong><br \/>\n[\/vc_column_text][\/vc_column][vc_column css_animation=&#8221;fadeIn&#8221; width=&#8221;1\/4&#8243; text_align=&#8221;center&#8221; el_class=&#8221;text-center&#8221; css=&#8221;.vc_custom_1489257216572{border-radius: 4px !important;}&#8221;][vc_single_image source=&#8221;external_link&#8221; alignment=&#8221;center&#8221; onclick=&#8221;custom_link&#8221; img_link_target=&#8221;_blank&#8221; link=&#8221;https:\/\/www.ceramictiles.com\/pdf\/catalogue_sanindusa.pdf&#8221; title=&#8221;Navodilo&#8221; custom_src=&#8221;https:\/\/www.ceramictiles.com\/images\/sanindusa\/m120042.jpg&#8221; label=&#8221;&#8221;][vc_column_text]<\/p>\n<p style=\"text-align: center;\">Sanindusa<br \/>Vgradnja<strong><br \/><a href=\"mailto:keramoteka.salon@gmail.com\" onclick=\"recordOutboundLink(this, 'E-mail', 'Description mail');return false;\">Kontakt za dostavo <\/a><\/strong><\/p>\n<p>[\/vc_column_text][\/vc_column][\/vc_row]<\/p>\n","protected":false},"excerpt":{"rendered":"<p>Za naro\u010dila nas kontaktirajte na: keramoteka.salon@gmail.com Vrhunske WC \u0161koljke Advance Bela WC \u0161koljka\u00a0279.83 \u20ac\u00a0(ID: 127032) ; \u010crna WC \u0161koljka\u00a0447.72 \u20ac\u00a0(ID: 127032 CR) ; &#8212;&#8212;&#8212;&#8212;&#8212;&#8212;&#8212;&#8211; [vc_row] [vc_column css_animation=&#8221;fadeIn&#8221; width=&#8221;1\/4&#8243; text_align=&#8221;center&#8221; el_class=&#8221;text-center&#8221; css=&#8221;.vc_custom_1489257216572{border-radius: 4px !important;}&#8221;][vc_single_image source=&#8221;external_link&#8221; alignment=&#8221;center&#8221; onclick=&#8221;custom_link&#8221; img_link_target=&#8221;_blank&#8221; link=&#8221;https:\/\/www.ceramictiles.com\/pdf\/sanindusa\/127032.pdf&#8221; title=&#8221;Advance&#8221; custom_src=&#8221;https:\/\/www.ceramictiles.com\/images\/sanindusa\/advance_wall_hung_wc-be.jpg&#8221; label=&#8221;&#8221;][vc_column_text] SanindusaVise\u010de WC \u0161koljkeKontakt za dostavo [\/vc_column_text][\/vc_column][vc_column css_animation=&#8221;fadeIn&#8221; width=&#8221;1\/4&#8243; text_align=&#8221;center&#8221; el_class=&#8221;text-center&#8221; css=&#8221;.vc_custom_1489257216572{border-radius: 4px !important;}&#8221;][vc_single_image source=&#8221;external_link&#8221; [&hellip;]<\/p>\n","protected":false},"author":1,"featured_media":0,"parent":0,"menu_order":0,"comment_status":"closed","ping_status":"closed","template":"","meta":[],"_links":{"self":[{"href":"https:\/\/www.keramika.com\/slovenija\/wp-json\/wp\/v2\/pages\/42230"}],"collection":[{"href":"https:\/\/www.keramika.com\/slovenija\/wp-json\/wp\/v2\/pages"}],"about":[{"href":"https:\/\/www.keramika.com\/slovenija\/wp-json\/wp\/v2\/types\/page"}],"author":[{"embeddable":true,"href":"https:\/\/www.keramika.com\/slovenija\/wp-json\/wp\/v2\/users\/1"}],"replies":[{"embeddable":true,"href":"https:\/\/www.keramika.com\/slovenija\/wp-json\/wp\/v2\/comments?post=42230"}],"version-history":[{"count":0,"href":"https:\/\/www.keramika.com\/slovenija\/wp-json\/wp\/v2\/pages\/42230\/revisions"}],"wp:attachment":[{"href":"https:\/\/www.keramika.com\/slovenija\/wp-json\/wp\/v2\/media?parent=42230"}],"curies":[{"name":"wp","href":"https:\/\/api.w.org\/{rel}","templated":true}]}}