{"id":41286,"date":"2017-03-23T10:05:32","date_gmt":"2017-03-23T10:05:32","guid":{"rendered":"http:\/\/www.ceramictiles.com\/slovenija\/talne-ploscice-v-imitaciji-lesa\/"},"modified":"2017-03-23T10:05:32","modified_gmt":"2017-03-23T10:05:32","slug":"talne-ploscice-v-imitaciji-lesa","status":"publish","type":"page","link":"https:\/\/www.keramika.com\/slovenija\/talne-ploscice-v-imitaciji-lesa\/","title":{"rendered":"Talne plo\u0161\u010dice v imitaciji lesa"},"content":{"rendered":"<p>Cena kerami\u010dnih plo\u0161\u010dic : 14.8 \u20ac\/m2+DDV &#8211; na to ceno dobite popust, ki je odvisen od naro\u010dene koli\u010dine.Za veleprodajno ceno nas pokli\u010dite ( minimalno naro\u010dilo je polna paleta )<br \/>\n<br \/>\nVelikost plo\u0161\u010dic je 23.5&#215;66.2 cm. Na paleti je 76.8 m2. Te\u017ea palete \u2013 1331 kg,<br \/>\nTalne plo\u0161\u010dice za oblaganje notranjih povr\u0161in ( EU-4411 Grupa Blla \u2013 talna keramika )<br \/>\n<br \/>\nTalne kerami\u010dne plo\u0161\u010dice \u2013 <a href=\"\/\/www.keramika.com\/slovenija\/keramicne-ploscice\/talne-keramicne-ploscice\/\" title=\"Maloprodane cene\" target=\"_blank\"><strong>cene v maloprodaji <\/strong><\/a><br \/>\n<br \/>\nSijanje talne kerami\u010dne plo\u0161\u010dice, HD glazura.<br \/>\n<br \/>\nRjave plo\u0161\u010dice v imitaciji lesa Amarron<br \/>\n<a href=\"\/\/www.ceramictiles.com\/images\/homepage\/Hamentomarron.jpg\"><img src=\"https:\/\/www.ceramictiles.com\/images\/homepage\/Hamentomarron.jpg\"width=\"600\"height=\"200\" class=\"aligncenter\" \/><\/a><br \/>\n<br \/>\nSive plo\u0161\u010dice v imitaciji lesa Agris<br \/>\n<a href=\"\/\/www.ceramictiles.com\/images\/homepage\/Hamentogris.jpg\"><img src=\"https:\/\/www.ceramictiles.com\/images\/homepage\/Hamentogris.jpg\"width=\"600\"height=\"200\" class=\"aligncenter\" \/><\/a><br \/>\n<br \/>\nBe\u017e plo\u0161\u010dice v imitaciji lesa Abeige<br \/>\n<a href=\"\/\/www.ceramictiles.com\/images\/homepage\/Hamentobeige.jpg\"><img src=\"https:\/\/www.ceramictiles.com\/images\/homepage\/Hamentobeige.jpg\"width=\"600\"height=\"200\" class=\"aligncenter\" \/><\/a><br \/>\n<br \/>\nAmazon H Autumn Maple DA1<br \/>\n<a href=\"\/\/www.ceramictiles.com\/images\/homepage\/DA1.png\"><img src=\"https:\/\/www.ceramictiles.com\/images\/homepage\/DA1.png\"width=\"600\"height=\"200\" class=\"aligncenter\" \/><\/a><br \/>\n<br \/>\t<br \/>\nAmazon H Caoba DA2<br \/>\n<a href=\"\/\/www.ceramictiles.com\/images\/homepage\/DA2.png\"><img src=\"https:\/\/www.ceramictiles.com\/images\/homepage\/DA2.png\"width=\"600\"height=\"200\" class=\"aligncenter\" \/><\/a><br \/>\n<br \/>\t<br \/>\nAmazon H Gris DA3<br \/>\n<a href=\"\/\/www.ceramictiles.com\/images\/homepage\/DA3.png\"><img src=\"https:\/\/www.ceramictiles.com\/images\/homepage\/DA3.png\"width=\"600\"height=\"200\" class=\"aligncenter\" \/><\/a><br \/>\n<br \/>\t<br \/>\nAmazon H Roble DA4<br \/>\n<a href=\"\/\/www.ceramictiles.com\/images\/homepage\/DA4.png\"><img src=\"https:\/\/www.ceramictiles.com\/images\/homepage\/DA4.png\"width=\"600\"height=\"200\" class=\"aligncenter\" \/><\/a><br \/>\n<br \/>\t<br \/>\nAmazon H Santa Fe Sevilla DA5<br \/>\n<a href=\"\/\/www.ceramictiles.com\/images\/homepage\/DA5.png\"><img src=\"https:\/\/www.ceramictiles.com\/images\/homepage\/DA5.png\"width=\"600\"height=\"200\" class=\"aligncenter\" \/><\/a><br \/>\n<br \/>\t<br \/>\nAmazon H Teka DA6<br \/>\n<a href=\"\/\/www.ceramictiles.com\/images\/homepage\/DA6.png\"><img src=\"https:\/\/www.ceramictiles.com\/images\/homepage\/DA6.png\"width=\"600\"height=\"200\" class=\"aligncenter\" \/><\/a><br \/><\/p>\n","protected":false},"excerpt":{"rendered":"<p>Cena kerami\u010dnih plo\u0161\u010dic : 14.8 \u20ac\/m2+DDV &#8211; na to ceno dobite popust, ki je odvisen od naro\u010dene koli\u010dine.Za veleprodajno ceno nas pokli\u010dite ( minimalno naro\u010dilo je polna paleta ) Velikost plo\u0161\u010dic je 23.5&#215;66.2 cm. Na paleti je 76.8 m2. Te\u017ea palete \u2013 1331 kg, Talne plo\u0161\u010dice za oblaganje notranjih povr\u0161in ( EU-4411 Grupa Blla \u2013 [&hellip;]<\/p>\n","protected":false},"author":1,"featured_media":0,"parent":0,"menu_order":0,"comment_status":"closed","ping_status":"closed","template":"","meta":[],"_links":{"self":[{"href":"https:\/\/www.keramika.com\/slovenija\/wp-json\/wp\/v2\/pages\/41286"}],"collection":[{"href":"https:\/\/www.keramika.com\/slovenija\/wp-json\/wp\/v2\/pages"}],"about":[{"href":"https:\/\/www.keramika.com\/slovenija\/wp-json\/wp\/v2\/types\/page"}],"author":[{"embeddable":true,"href":"https:\/\/www.keramika.com\/slovenija\/wp-json\/wp\/v2\/users\/1"}],"replies":[{"embeddable":true,"href":"https:\/\/www.keramika.com\/slovenija\/wp-json\/wp\/v2\/comments?post=41286"}],"version-history":[{"count":0,"href":"https:\/\/www.keramika.com\/slovenija\/wp-json\/wp\/v2\/pages\/41286\/revisions"}],"wp:attachment":[{"href":"https:\/\/www.keramika.com\/slovenija\/wp-json\/wp\/v2\/media?parent=41286"}],"curies":[{"name":"wp","href":"https:\/\/api.w.org\/{rel}","templated":true}]}}