{"id":41257,"date":"2017-03-23T10:05:32","date_gmt":"2017-03-23T10:05:32","guid":{"rendered":"http:\/\/www.ceramictiles.com\/slovenija\/keramika-za-tla\/"},"modified":"2018-12-17T12:48:57","modified_gmt":"2018-12-17T12:48:57","slug":"keramika-za-tla","status":"publish","type":"page","link":"https:\/\/www.keramika.com\/slovenija\/keramika-za-tla\/","title":{"rendered":"Keramika za tla"},"content":{"rendered":"<p>Talne plo\u0161\u010dice &#8211; Cena: 10.51 \u20ac\/m2+DDV &#8211; na to ceno dobite popust, ki je odvisen od naro\u010dene koli\u010dine.<br \/>\nTalne kerami\u010dne plo\u0161\u010dice v veleprodaji ( minimalno naro\u010dilo je polna paleta  &#8211; za lastnike salonov za prodajo keramike, polagalce kerami\u010dnih plo\u0161\u010dice in vse pravne osebe )<\/p>\n<p>Talne kerami\u010dne plo\u0161\u010dice \u2013 <a href=\"\/\/www.keramika.com\/slovenija\/keramicne-ploscice\/talne-keramicne-ploscice\/\" title=\"Maloprodane cene\" target=\"_blank\"><strong>cene v maloprodaji <\/strong><\/a><\/p>\n<p>Velikost plo\u0161\u010dic je 47.6&#215;47.6 cm. Na paleti je 81 m2. Te\u017ea palete \u2013 1235 kg,<br \/>\nTalne plo\u0161\u010dice za oblaganje notranjih povr\u0161in ( EU-4411 Grupa Blla \u2013 talna keramika )<\/p>\n<p>Sijanje talne kerami\u010dne plo\u0161\u010dice.Keramika imitacija kamna HD glazura.<br \/>\n[vc_row]<br \/>\n[vc_column css_animation=&#8221;fadeIn&#8221; width=&#8221;1\/4&#8243; text_align=&#8221;center&#8221; el_class=&#8221;text-center&#8221; css=&#8221;.vc_custom_1489257216572{border-radius: 4px !important;}&#8221;][vc_single_image source=&#8221;external_link&#8221; alignment=&#8221;center&#8221; onclick=&#8221;custom_link&#8221; img_link_target=&#8221;_blank&#8221; link=&#8221;https:\/\/www.ceramictiles.com\/pdf\/e-ceramica\/ceramic_tiles_catalogue.pdf&#8221; title=&#8221;Plo\u0161\u010dice 45X45&#8243; custom_src=&#8221;https:\/\/www.ceramictiles.com\/images\/homepage\/D1.png&#8221; label=&#8221;&#8221;][vc_column_text]<\/p>\n<p style=\"text-align: center;\">HABE Marron D1<br \/>Sijanje talne kerami\u010dne plo\u0161\u010dice<strong><br \/><a href=\"mailto:keramoteka.salon@gmail.com\" onclick=\"recordOutboundLink(this, 'E-mail', 'Description mail');return false;\">Kontakt za dostavo <\/a><\/strong><br \/>\n[\/vc_column_text][\/vc_column][vc_column css_animation=&#8221;fadeIn&#8221; width=&#8221;1\/4&#8243; text_align=&#8221;center&#8221; el_class=&#8221;text-center&#8221; css=&#8221;.vc_custom_1489257216572{border-radius: 4px !important;}&#8221;][vc_single_image source=&#8221;external_link&#8221; alignment=&#8221;center&#8221; onclick=&#8221;custom_link&#8221; img_link_target=&#8221;_blank&#8221; link=&#8221;https:\/\/www.ceramictiles.com\/pdf\/e-ceramica\/ceramic_tiles_catalogue.pdf&#8221; title=&#8221;Plo\u0161\u010dice 45X45&#8243; custom_src=&#8221;https:\/\/www.ceramictiles.com\/images\/homepage\/D2.png&#8221; label=&#8221;&#8221;][vc_column_text]<\/p>\n<p style=\"text-align: center;\">HABE Crema D2<br \/>Sijanje talne kerami\u010dne plo\u0161\u010dice<strong><br \/><a href=\"mailto:keramoteka.salon@gmail.com\" onclick=\"recordOutboundLink(this, 'E-mail', 'Description mail');return false;\">Kontakt za dostavo <\/a><\/strong><br \/>\n[\/vc_column_text][\/vc_column][vc_column css_animation=&#8221;fadeIn&#8221; width=&#8221;1\/4&#8243; text_align=&#8221;center&#8221; el_class=&#8221;text-center&#8221; css=&#8221;.vc_custom_1489257216572{border-radius: 4px !important;}&#8221;][vc_single_image source=&#8221;external_link&#8221; alignment=&#8221;center&#8221; onclick=&#8221;custom_link&#8221; img_link_target=&#8221;_blank&#8221; link=&#8221;https:\/\/www.ceramictiles.com\/pdf\/e-ceramica\/ceramic_tiles_catalogue.pdf&#8221; title=&#8221;Plo\u0161\u010dice 45X45&#8243; custom_src=&#8221;https:\/\/www.ceramictiles.com\/images\/homepage\/D7.png&#8221; label=&#8221;&#8221;][vc_column_text]<\/p>\n<p style=\"text-align: center;\">HAGR Beige D7<br \/>Sijanje talne kerami\u010dne plo\u0161\u010dice<strong><br \/><a href=\"mailto:keramoteka.salon@gmail.com\" onclick=\"recordOutboundLink(this, 'E-mail', 'Description mail');return false;\">Kontakt za dostavo <\/a><\/strong><br \/>\n[\/vc_column_text][\/vc_column][vc_column css_animation=&#8221;fadeIn&#8221; width=&#8221;1\/4&#8243; text_align=&#8221;center&#8221; el_class=&#8221;text-center&#8221; css=&#8221;.vc_custom_1489257216572{border-radius: 4px !important;}&#8221;][vc_single_image source=&#8221;external_link&#8221; alignment=&#8221;center&#8221; onclick=&#8221;custom_link&#8221; img_link_target=&#8221;_blank&#8221; link=&#8221;https:\/\/www.ceramictiles.com\/pdf\/e-ceramica\/ceramic_tiles_catalogue.pdf&#8221; title=&#8221;Plo\u0161\u010dice 45X45&#8243; custom_src=&#8221;https:\/\/www.ceramictiles.com\/images\/homepage\/D8.png&#8221; label=&#8221;&#8221;][vc_column_text]<\/p>\n<p style=\"text-align: center;\">HAFR Crema D8<br \/>Sijanje talne kerami\u010dne plo\u0161\u010dice<strong><br \/><a href=\"mailto:keramoteka.salon@gmail.com\" onclick=\"recordOutboundLink(this, 'E-mail', 'Description mail');return false;\">Kontakt za dostavo <\/a><\/strong><br \/>\n[\/vc_column_text][\/vc_column][vc_column css_animation=&#8221;fadeIn&#8221; width=&#8221;1\/4&#8243; text_align=&#8221;center&#8221; el_class=&#8221;text-center&#8221; css=&#8221;.vc_custom_1489257216572{border-radius: 4px !important;}&#8221;][vc_single_image source=&#8221;external_link&#8221; alignment=&#8221;center&#8221; onclick=&#8221;custom_link&#8221; img_link_target=&#8221;_blank&#8221; link=&#8221;https:\/\/www.ceramictiles.com\/pdf\/e-ceramica\/ceramic_tiles_catalogue.pdf&#8221; title=&#8221;Plo\u0161\u010dice 45X45&#8243; custom_src=&#8221;https:\/\/www.ceramictiles.com\/images\/homepage\/D9.png&#8221; label=&#8221;&#8221;][vc_column_text]<\/p>\n<p style=\"text-align: center;\">HALI Brillo D9<br \/>Sijanje talne kerami\u010dne plo\u0161\u010dice<strong><br \/><a href=\"mailto:keramoteka.salon@gmail.com\" onclick=\"recordOutboundLink(this, 'E-mail', 'Description mail');return false;\">Kontakt za dostavo <\/a><\/strong><br \/>\n[\/vc_column_text][\/vc_column][vc_column css_animation=&#8221;fadeIn&#8221; width=&#8221;1\/4&#8243; text_align=&#8221;center&#8221; el_class=&#8221;text-center&#8221; css=&#8221;.vc_custom_1489257216572{border-radius: 4px !important;}&#8221;][vc_single_image source=&#8221;external_link&#8221; alignment=&#8221;center&#8221; onclick=&#8221;custom_link&#8221; img_link_target=&#8221;_blank&#8221; link=&#8221;https:\/\/www.ceramictiles.com\/pdf\/e-ceramica\/ceramic_tiles_catalogue.pdf&#8221; title=&#8221;Plo\u0161\u010dice 45X45&#8243; custom_src=&#8221;https:\/\/www.ceramictiles.com\/images\/homepage\/D3.png&#8221; label=&#8221;&#8221;][vc_column_text]<\/p>\n<p style=\"text-align: center;\">HAFA Crema D3<br \/>Mat talne kerami\u010dne plo\u0161\u010dice<strong><br \/><a href=\"mailto:keramoteka.salon@gmail.com\" onclick=\"recordOutboundLink(this, 'E-mail', 'Description mail');return false;\">Kontakt za dostavo <\/a><\/strong><br \/>\n[\/vc_column_text][\/vc_column][vc_column css_animation=&#8221;fadeIn&#8221; width=&#8221;1\/4&#8243; text_align=&#8221;center&#8221; el_class=&#8221;text-center&#8221; css=&#8221;.vc_custom_1489257216572{border-radius: 4px !important;}&#8221;][vc_single_image source=&#8221;external_link&#8221; alignment=&#8221;center&#8221; onclick=&#8221;custom_link&#8221; img_link_target=&#8221;_blank&#8221; link=&#8221;https:\/\/www.ceramictiles.com\/pdf\/e-ceramica\/ceramic_tiles_catalogue.pdf&#8221; title=&#8221;Plo\u0161\u010dice 45X45&#8243; custom_src=&#8221;https:\/\/www.ceramictiles.com\/images\/homepage\/D4.png&#8221; label=&#8221;&#8221;][vc_column_text]<\/p>\n<p style=\"text-align: center;\">HAFA Ceniza D4<br \/>Mat talne kerami\u010dne plo\u0161\u010dice<strong><br \/><a href=\"mailto:keramoteka.salon@gmail.com\" onclick=\"recordOutboundLink(this, 'E-mail', 'Description mail');return false;\">Kontakt za dostavo <\/a><\/strong><br \/>\n[\/vc_column_text][\/vc_column][vc_column css_animation=&#8221;fadeIn&#8221; width=&#8221;1\/4&#8243; text_align=&#8221;center&#8221; el_class=&#8221;text-center&#8221; css=&#8221;.vc_custom_1489257216572{border-radius: 4px !important;}&#8221;][vc_single_image source=&#8221;external_link&#8221; alignment=&#8221;center&#8221; onclick=&#8221;custom_link&#8221; img_link_target=&#8221;_blank&#8221; link=&#8221;https:\/\/www.ceramictiles.com\/pdf\/e-ceramica\/ceramic_tiles_catalogue.pdf&#8221; title=&#8221;Plo\u0161\u010dice 45X45&#8243; custom_src=&#8221;https:\/\/www.ceramictiles.com\/images\/homepage\/D5.png&#8221; label=&#8221;&#8221;][vc_column_text]<\/p>\n<p style=\"text-align: center;\">HAFA Gris D5<br \/>Mat talne kerami\u010dne plo\u0161\u010dice<strong><br \/><a href=\"mailto:keramoteka.salon@gmail.com\" onclick=\"recordOutboundLink(this, 'E-mail', 'Description mail');return false;\">Kontakt za dostavo <\/a><\/strong><br \/>\n[\/vc_column_text][\/vc_column][vc_column css_animation=&#8221;fadeIn&#8221; width=&#8221;1\/4&#8243; text_align=&#8221;center&#8221; el_class=&#8221;text-center&#8221; css=&#8221;.vc_custom_1489257216572{border-radius: 4px !important;}&#8221;][vc_single_image source=&#8221;external_link&#8221; alignment=&#8221;center&#8221; onclick=&#8221;custom_link&#8221; img_link_target=&#8221;_blank&#8221; link=&#8221;https:\/\/www.ceramictiles.com\/pdf\/e-ceramica\/ceramic_tiles_catalogue.pdf&#8221; title=&#8221;Plo\u0161\u010dice 45X45&#8243; custom_src=&#8221;https:\/\/www.ceramictiles.com\/images\/homepage\/D6.png&#8221; label=&#8221;&#8221;][vc_column_text]<\/p>\n<p style=\"text-align: center;\">HAFA Perla D6<br \/>Mat talne kerami\u010dne plo\u0161\u010dice<strong><br \/><a href=\"mailto:keramoteka.salon@gmail.com\" onclick=\"recordOutboundLink(this, 'E-mail', 'Description mail');return false;\">Kontakt za dostavo <\/a><\/strong><br \/>\n[\/vc_column_text][\/vc_column][vc_column css_animation=&#8221;fadeIn&#8221; width=&#8221;1\/4&#8243; text_align=&#8221;center&#8221; el_class=&#8221;text-center&#8221; css=&#8221;.vc_custom_1489257216572{border-radius: 4px !important;}&#8221;][vc_single_image source=&#8221;external_link&#8221; alignment=&#8221;center&#8221; onclick=&#8221;custom_link&#8221; img_link_target=&#8221;_blank&#8221; link=&#8221;https:\/\/www.ceramictiles.com\/pdf\/e-ceramica\/ceramic_tiles_catalogue.pdf&#8221; title=&#8221;Plo\u0161\u010dice 45X45&#8243; custom_src=&#8221;https:\/\/www.ceramictiles.com\/images\/homepage\/D10.png&#8221; label=&#8221;&#8221;][vc_column_text]<\/p>\n<p style=\"text-align: center;\">HALU Caoba D10<br \/>Keramika imitacija parketa<strong><br \/><a href=\"mailto:keramoteka.salon@gmail.com\" onclick=\"recordOutboundLink(this, 'E-mail', 'Description mail');return false;\">Kontakt za dostavo <\/a><\/strong><br \/>\n[\/vc_column_text][\/vc_column][vc_column css_animation=&#8221;fadeIn&#8221; width=&#8221;1\/4&#8243; text_align=&#8221;center&#8221; el_class=&#8221;text-center&#8221; css=&#8221;.vc_custom_1489257216572{border-radius: 4px !important;}&#8221;][vc_single_image source=&#8221;external_link&#8221; alignment=&#8221;center&#8221; onclick=&#8221;custom_link&#8221; img_link_target=&#8221;_blank&#8221; link=&#8221;https:\/\/www.ceramictiles.com\/pdf\/e-ceramica\/ceramic_tiles_catalogue.pdf&#8221; title=&#8221;Plo\u0161\u010dice 45X45&#8243; custom_src=&#8221;https:\/\/www.ceramictiles.com\/images\/homepage\/D11.png&#8221; label=&#8221;&#8221;][vc_column_text]<\/p>\n<p style=\"text-align: center;\">HALU Haya D11<br \/>Keramika imitacija parketa<strong><br \/><a href=\"mailto:keramoteka.salon@gmail.com\" onclick=\"recordOutboundLink(this, 'E-mail', 'Description mail');return false;\">Kontakt za dostavo <\/a><\/strong><\/p>\n<p>[\/vc_column_text][\/vc_column][\/vc_row]<\/p>\n","protected":false},"excerpt":{"rendered":"<p>Talne plo\u0161\u010dice &#8211; Cena: 10.51 \u20ac\/m2+DDV &#8211; na to ceno dobite popust, ki je odvisen od naro\u010dene koli\u010dine. Talne kerami\u010dne plo\u0161\u010dice v veleprodaji ( minimalno naro\u010dilo je polna paleta &#8211; za lastnike salonov za prodajo keramike, polagalce kerami\u010dnih plo\u0161\u010dice in vse pravne osebe ) Talne kerami\u010dne plo\u0161\u010dice \u2013 cene v maloprodaji Velikost plo\u0161\u010dic je 47.6&#215;47.6 [&hellip;]<\/p>\n","protected":false},"author":1,"featured_media":0,"parent":0,"menu_order":0,"comment_status":"closed","ping_status":"closed","template":"","meta":[],"_links":{"self":[{"href":"https:\/\/www.keramika.com\/slovenija\/wp-json\/wp\/v2\/pages\/41257"}],"collection":[{"href":"https:\/\/www.keramika.com\/slovenija\/wp-json\/wp\/v2\/pages"}],"about":[{"href":"https:\/\/www.keramika.com\/slovenija\/wp-json\/wp\/v2\/types\/page"}],"author":[{"embeddable":true,"href":"https:\/\/www.keramika.com\/slovenija\/wp-json\/wp\/v2\/users\/1"}],"replies":[{"embeddable":true,"href":"https:\/\/www.keramika.com\/slovenija\/wp-json\/wp\/v2\/comments?post=41257"}],"version-history":[{"count":0,"href":"https:\/\/www.keramika.com\/slovenija\/wp-json\/wp\/v2\/pages\/41257\/revisions"}],"wp:attachment":[{"href":"https:\/\/www.keramika.com\/slovenija\/wp-json\/wp\/v2\/media?parent=41257"}],"curies":[{"name":"wp","href":"https:\/\/api.w.org\/{rel}","templated":true}]}}