{"id":38785,"date":"2017-03-23T10:05:32","date_gmt":"2017-03-23T10:05:32","guid":{"rendered":"http:\/\/www.ceramictiles.com\/slovenija\/salon-keramike-ljubljana\/"},"modified":"2021-04-20T08:00:02","modified_gmt":"2021-04-20T08:00:02","slug":"salon-keramike-ljubljana","status":"publish","type":"page","link":"https:\/\/www.keramika.com\/slovenija\/salon-keramike-ljubljana\/","title":{"rendered":"Salon keramike Vrhnika"},"content":{"rendered":"<p>Za vse, ki i\u0161\u010dete <strong>kerami\u010dne plo\u0161\u010dice v Ljubljani<\/strong>, so na voljo \u0161tevilni modeli keramike v na\u0161i ponudbi. Vso ponudbo kerami\u010dnih plo\u0161\u010dic si lahko ogledate <a title=\"Vsa ponudba kerami\u010dnih plo\u0161\u010dic\" href=\"\/\/www.keramika.com\/slovenija\/proizvajalci\/\">tukaj<\/a>.<\/p>\n<p>Kontakt : Info + 386 31 255 900<\/p>\n<p>Na Vrhniko lahko dostavimo vso keramiko iz na\u0161e ponudbe. Da bi zagotovili najni\u017eje cene keramike na Vrhniki, vseh modelov ne dr\u017eimo na zalogi, a tudi tiste dobavimo v pribli\u017eno 21 dneh od datuma naro\u010dila.<br \/>\nTrenutno se na Vrhniki najbolje prodajajo slede\u010di modeli kerami\u010dnih plo\u0161\u010dic:<\/p>\n<ul>\n<li><a title=\"Pamesa keramika Agatha\" href=\"\/\/www.keramika.com\/slovenija\/pamesa-keramika-agatha\/\">Pamesa keramika Agatha<\/a><\/li>\n<li><a title=\"Stenske plo\u0161\u010dice Aparici Art\" href=\"\/\/www.keramika.com\/slovenija\/stenske-ploscice-aparici-art\/\">Stenske plo\u0161\u010dice Aparici Art<\/a><\/li>\n<li><a title=\"Villa Beige\" href=\"\/\/www.keramika.com\/slovenija\/villa-beige\/\">Villa Beige<\/a><\/li>\n<li><a title=\"Radica Gris\" href=\"\/\/www.keramika.com\/slovenija\/radica-gris\/\">Radica Gris<\/a><\/li>\n<li><a title=\"Vives 1900 Basalto\" href=\"\/\/www.keramika.com\/slovenija\/vives-1900-basalto\/\">Vives 1900 Basalto<\/a><\/li>\n<li><a title=\"Mozaik plo\u0161\u010dice Mosavit Meta Plata bases\" href=\"\/\/www.keramika.com\/slovenija\/mozaik-ploscice-mosavit-meta-plata-bases\/\">Mozaik plo\u0161\u010dice Mosavit Meta Plata bases<\/a><\/li>\n<\/ul>\n<p>Lahko pa pogledate tudi na\u0161o ponudbo <a title=\"Keramika v akciji\" href=\"\/\/www.keramika.com\/slovenija\/akcija\/\">keramike v akciji<\/a>.<\/p>\n<p>Ob kerami\u010dnih plo\u0161\u010dicah vam ponujamo tudi \u0161iroko ponudbo <a title=\"Kopalni\u0161ka oprema\" href=\"\/\/www.keramika.com\/slovenija\/kopalniska-oprema\/\">kopalni\u0161ke opreme<\/a>, ki je prav tako dobavljiva na Vrhniko. Med drugim zelo kvalitetne <a title=\"WC \u0161koljke\" href=\"\/\/www.keramika.com\/slovenija\/kopalniska-oprema\/sanitarna-keramika\/wc-skoljke\/\">WC \u0161koljke<\/a> in <a title=\"Tu\u0161 kabine\" href=\"\/\/www.keramika.com\/slovenija\/kopalniska-oprema\/tus-kabine\/\">tu\u0161 kabine<\/a>.<\/p>\n<p>\u010ce i\u0161\u010dete posebne modele kerami\u010dnih plo\u0161\u010dic, vam priporo\u010damo, da uporabite funkcijo iskanje v zgornjem desnem kotu te strani, ali pa se sprehodite po kategorijah v zgornjem meniju.<\/p>\n<p>\u010ce potrebujete dodatne informacije o tem kje lahko vidite vzorce na\u0161ih kerami\u010dnih plo\u0161\u010dic v kateri izmed trgovin keramike na Vrhniki, nas lahko kadarkoli kontaktirate na <a href=\"mailto:keramoteka.salon@gmail.com\">keramoteka.salon@gmail.com<\/a> .<\/p>\n","protected":false},"excerpt":{"rendered":"<p>Za vse, ki i\u0161\u010dete kerami\u010dne plo\u0161\u010dice v Ljubljani, so na voljo \u0161tevilni modeli keramike v na\u0161i ponudbi. Vso ponudbo kerami\u010dnih plo\u0161\u010dic si lahko ogledate tukaj. Kontakt : Info + 386 31 255 900 Na Vrhniko lahko dostavimo vso keramiko iz na\u0161e ponudbe. Da bi zagotovili najni\u017eje cene keramike na Vrhniki, vseh modelov ne dr\u017eimo na [&hellip;]<\/p>\n","protected":false},"author":1,"featured_media":0,"parent":0,"menu_order":0,"comment_status":"closed","ping_status":"closed","template":"","meta":[],"_links":{"self":[{"href":"https:\/\/www.keramika.com\/slovenija\/wp-json\/wp\/v2\/pages\/38785"}],"collection":[{"href":"https:\/\/www.keramika.com\/slovenija\/wp-json\/wp\/v2\/pages"}],"about":[{"href":"https:\/\/www.keramika.com\/slovenija\/wp-json\/wp\/v2\/types\/page"}],"author":[{"embeddable":true,"href":"https:\/\/www.keramika.com\/slovenija\/wp-json\/wp\/v2\/users\/1"}],"replies":[{"embeddable":true,"href":"https:\/\/www.keramika.com\/slovenija\/wp-json\/wp\/v2\/comments?post=38785"}],"version-history":[{"count":1,"href":"https:\/\/www.keramika.com\/slovenija\/wp-json\/wp\/v2\/pages\/38785\/revisions"}],"predecessor-version":[{"id":112234,"href":"https:\/\/www.keramika.com\/slovenija\/wp-json\/wp\/v2\/pages\/38785\/revisions\/112234"}],"wp:attachment":[{"href":"https:\/\/www.keramika.com\/slovenija\/wp-json\/wp\/v2\/media?parent=38785"}],"curies":[{"name":"wp","href":"https:\/\/api.w.org\/{rel}","templated":true}]}}