{"id":14430,"date":"2017-03-23T10:05:31","date_gmt":"2017-03-23T10:05:31","guid":{"rendered":"http:\/\/www.ceramictiles.com\/slovenija\/sanjska-kopalnica\/"},"modified":"2017-07-15T16:13:48","modified_gmt":"2017-07-15T16:13:48","slug":"sanjska-kopalnica","status":"publish","type":"page","link":"https:\/\/www.keramika.com\/slovenija\/sanjska-kopalnica\/","title":{"rendered":"Sanjska kopalnica"},"content":{"rendered":"<p>[vc_row][vc_column][vc_images_carousel images=&#8221;102903,104183,104023,104187,104101,102471,102665,98763&#8243; img_size=&#8221;800&#215;300&#8243; autoplay=&#8221;yes&#8221; wrap=&#8221;yes&#8221;][\/vc_column][\/vc_row][vc_row][vc_column][vc_column_text]Na na\u0161i spletni strani lahko najdete vse kar potrebujete v va\u0161i kopalnici. Kerami\u010dne plo\u0161\u010dice, umivalnike, tu\u0161 kabine, kopalne kadi, strani\u0161\u010dne \u0161koljke in \u0161e kaj. Prodajamo zgolj visokokvalitetne izdelke narejene v \u0160paniji, Portugalski, Italiji ali kateri drugi \u010dlanici Evropske unije. Ker smo opazili, da se kupci vse pogosteje odlo\u010date za nakup celotne kopalnice, smo vam pripravili ponudbo, pri kateri lahko prihranite kar 25% va\u0161ega denarja.<\/p>\n<p>Spodaj imate sedem elementov va\u0161e sanjske kopalnice. \u010ce izberete vsaj 5 izmed njih, vam na kon\u010dni znesek priznamo kar <strong>25% popusta<\/strong>!<br \/>\n&nbsp;<\/p>\n<p>1. <a style=\"color: #9b2512;\" title=\"Talne kerami\u010dne plo\u0161\u010dice\" href=\"\/\/www.keramika.com\/slovenija\/keramicne-ploscice\/talne-keramicne-ploscice\/\" target=\"_blank\">Talne kerami\u010dne plo\u0161\u010dice<\/a><\/p>\n<p>V kategoriji <a style=\"color: #9b2512;\" title=\"Talne kerami\u010dne plo\u0161\u010dice\" href=\"\/\/www.keramika.com\/slovenija\/keramicne-ploscice\/talne-keramicne-ploscice\/\" target=\"_blank\">talnih kerami\u010dnih plo\u0161\u010dic<\/a> si izberite model, ki vas zanima.<\/p>\n<p>&nbsp;<\/p>\n<p>2. <a style=\"color: #9b2512;\" title=\"Stenske kerami\u010dne plo\u0161\u010dice\" href=\"\/\/www.keramika.com\/slovenija\/keramicne-ploscice\/stenske-keramicne-ploscice\/\" target=\"_blank\">Stenske kerami\u010dne plo\u0161\u010dice<\/a><\/p>\n<p>Seveda je potrebno pokriti tudi stene. V kategoriji <a style=\"color: #9b2512;\" title=\"Stenska keramika\" href=\"\/\/www.keramika.com\/slovenija\/keramicne-ploscice\/stenske-keramicne-ploscice\/\" target=\"_blank\">stenske keramike<\/a> si izberite model, ki vam ustreza. Namig: Talno keramiko, lahko polagate tudi na stene. Za polaganje stenske keramike po tleh pa se raje posvetujte z na\u0161imi prodajalci.<\/p>\n<p>&nbsp;<\/p>\n<p>3. <a style=\"color: #9b2512;\" title=\"Kopalne kadi\" href=\"\/\/www.keramika.com\/slovenija\/kopalniska-oprema\/kadi\/\" target=\"_blank\">Kopalne kadi<\/a>, <a style=\"color: #9b2512;\" title=\"Tu\u0161 kadi\" href=\"\/\/www.keramika.com\/slovenija\/kopalniska-oprema\/tus-kadi\/\" target=\"_blank\">tu\u0161 kadi<\/a> in <a style=\"color: #9b2512;\" title=\"Tu\u0161 kabine\" href=\"\/\/www.keramika.com\/slovenija\/kopalniska-oprema\/tus-kabine\/\" target=\"_blank\">tu\u0161 kabine<\/a><\/p>\n<p>V paketu sanjske kopalnice si seveda izberite tudi <a style=\"color: #9b2512;\" title=\"Kopalne kadi\" href=\"\/\/www.keramika.com\/slovenija\/kopalniska-oprema\/kadi\/\" target=\"_blank\">kopalno kad<\/a>, <a style=\"color: #9b2512;\" title=\"Tu\u0161 kadi\" href=\"\/\/www.keramika.com\/slovenija\/kopalniska-oprema\/tus-kadi\/\" target=\"_blank\">tu\u0161 kad<\/a> ali <a style=\"color: #9b2512;\" title=\"Tu\u0161 kabine\" href=\"\/\/www.keramika.com\/slovenija\/kopalniska-oprema\/tus-kabine\/\" target=\"_blank\">tu\u0161 kabino<\/a>.<\/p>\n<p>&nbsp;<br \/>\nNaj bolj prodajana tu\u0161 kad :<\/p>\n<div style=\"height: 200px;\">\n<div class=\"photo\" style=\"padding:0px;margin:0px;\" ><a href=\"#productimage1\"><img loading=\"lazy\" class=\"aligncenter\" src=\"https:\/\/www.ceramictiles.com\/images\/sanindusa\/107372.jpg\" alt=\" width=\"250\" height=\"200\" \/><\/a><\/div>\n<\/div>\n<p><a href=\"\/\/www.keramika.com\/slovenija\/keramicna-tus-kad-120x80-elegance\/\" title=\"Tu\u0161 kad 120x80x4,5\" target=\"_blank\">Tehni\u010dne karakteristike in cena<\/a><br \/>\n4. <a style=\"color: #9b2512;\" title=\"Umivalniki\" href=\"\/\/www.keramika.com\/slovenija\/kopalniska-oprema\/sanitarna-keramika\/umivalniki\/\" target=\"_blank\">Umivalniki<\/a><\/p>\n<p>Izberite si tudi va\u0161 <a style=\"color: #9b2512;\" title=\"Sanjski umivalnik\" href=\"\/\/www.keramika.com\/slovenija\/kopalniska-oprema\/sanitarna-keramika\/umivalniki\/\" target=\"_blank\">sanjski umivalnik<\/a>.<\/p>\n<p>&nbsp;<\/p>\n<p>5. <a style=\"color: #9b2512;\" title=\"Kopalni\u0161ke armature\" href=\"\/\/www.keramika.com\/slovenija\/armature\/\" target=\"_blank\">Kopalni\u0161ke armature\/Pipe<\/a><\/p>\n<p>Seveda boste potrebovali tudi dve kopalni\u0161ki armaturi (eno za umivalnik in drugo za kopalno kad ali tu\u0161 kabino). Izberete si ju lahko <a style=\"color: #9b2512;\" title=\"Kopalni\u0161ke armature\" href=\"\/\/www.keramika.com\/slovenija\/armature\/\" target=\"_blank\">tukaj<\/a>.<\/p>\n<p>&nbsp;<\/p>\n<p>6. <a style=\"color: #9b2512;\" title=\"Bideji\" href=\"\/\/www.keramika.com\/slovenija\/kopalniska-oprema\/sanitarna-keramika\/bideji\/\" target=\"_blank\">Bideji<\/a><\/p>\n<p>Bideji so zelo priro\u010dna napravica. Tudi mi vam jih ponujamo kar nekaj. Seznam vseh si lahko ogledate <a style=\"color: #9b2512;\" title=\"Sanitarni bideji\" href=\"\/\/www.keramika.com\/slovenija\/kopalniska-oprema\/sanitarna-keramika\/bideji\/\" target=\"_blank\">tukaj<\/a>.<\/p>\n<p>&nbsp;<\/p>\n<p>7. <a style=\"color: #9b2512;\" title=\"Strani\u0161\u010dne \u0161koljke\" href=\"\/\/www.keramika.com\/slovenija\/kopalniska-oprema\/sanitarna-keramika\/wc-skoljke\/\" target=\"_blank\">Strani\u0161\u010dne \u0161koljke<\/a><\/p>\n<p>Zadnja, a vsekakor ne najmanj pomembna je seveda strani\u0161\u010dna \u0161koljka. Izberite svojo v na\u0161i sekciji <a style=\"color: #9b2512;\" title=\"Strani\u0161\u010dne \u0161koljke\" href=\"\/\/www.keramika.com\/slovenija\/kopalniska-oprema\/sanitarna-keramika\/wc-skoljke\/\" target=\"_blank\">strani\u0161\u010dnih \u0161koljk<\/a>.<\/p>\n<p>&nbsp;<\/p>\n<p>\u010ce boste imeli kakr\u0161nakoli vpra\u0161anja oz. ko si sestavite svojo kopalnico, kontaktirajte na\u0161ega predstavnika za Slovenijo na naslovu\u00a0<a style=\"color: #9b2512;\" href=\"mailto:keramoteka.salon@gmail.com\">keramoteka.salon@gmail.com<\/a>. Lahko pa ga tudi pokli\u010dete na 031 255 900, Zoran Mili\u010d.<\/p>\n<div style=\"display: none;\" id=\"productimage1\"> <img src=\"https:\/\/www.ceramictiles.com\/images\/sanindusa\/107372.jpg\" alt=\"helmet\"><\/div>\n<p>[\/vc_column_text][\/vc_column][\/vc_row]<\/p>\n","protected":false},"excerpt":{"rendered":"<p>[vc_row][vc_column][vc_images_carousel images=&#8221;102903,104183,104023,104187,104101,102471,102665,98763&#8243; img_size=&#8221;800&#215;300&#8243; autoplay=&#8221;yes&#8221; wrap=&#8221;yes&#8221;][\/vc_column][\/vc_row][vc_row][vc_column][vc_column_text]Na na\u0161i spletni strani lahko najdete vse kar potrebujete v va\u0161i kopalnici. Kerami\u010dne plo\u0161\u010dice, umivalnike, tu\u0161 kabine, kopalne kadi, strani\u0161\u010dne \u0161koljke in \u0161e kaj. Prodajamo zgolj visokokvalitetne izdelke narejene v \u0160paniji, Portugalski, Italiji ali kateri drugi \u010dlanici Evropske unije. Ker smo opazili, da se kupci vse pogosteje odlo\u010date za nakup celotne [&hellip;]<\/p>\n","protected":false},"author":1,"featured_media":0,"parent":0,"menu_order":0,"comment_status":"closed","ping_status":"closed","template":"","meta":[],"_links":{"self":[{"href":"https:\/\/www.keramika.com\/slovenija\/wp-json\/wp\/v2\/pages\/14430"}],"collection":[{"href":"https:\/\/www.keramika.com\/slovenija\/wp-json\/wp\/v2\/pages"}],"about":[{"href":"https:\/\/www.keramika.com\/slovenija\/wp-json\/wp\/v2\/types\/page"}],"author":[{"embeddable":true,"href":"https:\/\/www.keramika.com\/slovenija\/wp-json\/wp\/v2\/users\/1"}],"replies":[{"embeddable":true,"href":"https:\/\/www.keramika.com\/slovenija\/wp-json\/wp\/v2\/comments?post=14430"}],"version-history":[{"count":0,"href":"https:\/\/www.keramika.com\/slovenija\/wp-json\/wp\/v2\/pages\/14430\/revisions"}],"wp:attachment":[{"href":"https:\/\/www.keramika.com\/slovenija\/wp-json\/wp\/v2\/media?parent=14430"}],"curies":[{"name":"wp","href":"https:\/\/api.w.org\/{rel}","templated":true}]}}