{"id":11,"date":"2017-03-23T10:05:31","date_gmt":"2017-03-23T10:05:31","guid":{"rendered":"http:\/\/www.ceramictiles.com\/slovenija\/splosni-pogoji-poslovanja\/"},"modified":"2023-05-05T08:23:36","modified_gmt":"2023-05-05T08:23:36","slug":"splosni-pogoji-poslovanja","status":"publish","type":"page","link":"https:\/\/www.keramika.com\/slovenija\/splosni-pogoji-poslovanja\/","title":{"rendered":"Splo\u0161ni pogoji poslovanja"},"content":{"rendered":"<p>Splo\u0161ni pogoji spletnega trgovanja se nana\u0161ajo na prodajo preko spletnih strani Keramika.com, katere lastnik je dru\u017eba Merilly d.o.o., vpisana v Sodni register pri Okro\u017enem sodi\u0161\u010du na Ptuju z vpisno \u0161tevilko: 1\/02549\/00 dne 01.08.1990, mati\u010dna \u0161tevilka: 5405513 in ID \u0161tevilko za DDV: SI92034535.<\/p>\n<p>Z uporabo na\u0161ih spletnih strani se hkrati tudi strinjate z uporabo splo\u0161nih pogojev. Splo\u0161ni pogoji se lahko v \u010dasu veljavnosti spremenijo. Spremenjeni splo\u0161ni pogoji za\u010dnejo veljati z dnevom objave na spletnih straneh in so s tem dnem za drugo pogodbeno stranko zavezujo\u010di. V primeru spremenjenih pogojev in pravil vas bomo na teh straneh sproti obve\u0161\u010dali.<\/p>\n<p>Merilly d.o.o. posluje v skladu z Zakonom o varstvu potro\u0161nikov (URL \u0161t. 14\/2003) in v skladu z Obligacijskim zakonikom (URL \u0161t. 83\/2001) z dne 27. 6. 2003 v primeru, ko v pogojih to ni posebej zapisano.<\/p>\n<p>Podjetje Merilly d.o.o. se obvezuje, da bo za\u0161\u010ditilo va\u0161o zasebnost. Va\u0161e podatke potrebujemo, da zagotovimo nemoten proces kon\u010dne izvedbe va\u0161ega naro\u010dila.<\/p>\n<p>Ko naro\u010date blago, nam morate posredovati va\u0161e ime, priimek, naslov, telefon in elektronski naslov. To nam omogo\u010da, da zagotovimo nemoten proces kon\u010dne izvedbe va\u0161ega naro\u010dila in da vas lahko obvestimo o morebitnih spremembah ob naro\u010dilu.<\/p>\n<p>Va\u0161e podatke bomo ob\u010dasno uporabili le zato, da vas obvestimo o pomembnej\u0161ih spremembah, novih storitvah in posebnih ponudbah na na\u0161ih spletnih straneh, za katere z gotovostjo trdimo, da za vas predstavljajo pomembne informacije. \u010ce teh informacij ne \u017eelite prejemati, nas o tem obvestite po elektronski po\u0161ti.<\/p>\n<p>Obvezujemo se, da bodo podatki v celoti ostali v lasti podjetja Merilly d.o.o. Ne bomo jih posredovali, prodajali ali zamenjali z nobeno drugo ustanovo, podjetjem ali fizi\u010dno osebo. Na\u0161e spletne strani vklju\u010dujejo tudi povezave do drugih spletnih strani, ki niso v na\u0161i lasti ali kakr\u0161nikoli povezavi z nami. Zato podjetje Merilly d.o.o. v nobenem primeru ne more biti odgovorno za dostop do tak\u0161nih spletnih strani in za za\u0161\u010dito podatkov na tak\u0161nih spletnih straneh.<\/p>\n<p>Z uporabo na\u0161ih spletnih strani se hkrati tudi strinjate z uporabo informacij na na\u010din in v zgoraj opisanih primerih. V primeru spremenjenih pogojev in pravil, vas bomo na teh straneh o tem sproti obve\u0161\u010dali.<\/p>\n<p>Kupec lahko v 14 dneh od prejema izdelka sporo\u010di, da kupljenega izdelka ne \u017eeli in da od pogodbe odstopa. Blago je dol\u017ean na svoje stro\u0161ke vrniti nepo\u0161kodovano in v nespremenjeni koli\u010dini, in sicer v 15 dneh od dneva, ko ga je prevzel. Pravica do odstopa od nakupa ne velja za unikatne izdelke, ki so bili izdelani posebej po navodilih kupca.<\/p>\n<p>Dru\u017eba ne prevzema odgovornosti zaradi ne-izvajanja storitev in\/ali \u0161kode izvirajo\u010de iz vzrokov, ki so na strani kupca ali zamud nastalih zaradi ne-delovanja, slabega delovanja ali izpada pretoka informacij oziroma internetnega ali informacijskega sistema dru\u017ebe. Prav tako Dru\u017eba ne odgovarja za napake, ki izvirajo iz izpadov ali slabega delovanja elektri\u010dnega toka, komunikacijskih linij, prekinitev internetne povezave ali linije, napak internetnih ponudnikov, slabega delovanja e-mailov, po\u0161te ali stavk delavcev dru\u017ebe ali ponudnikov dolo\u010denih storitev ali podizvajalcev, ki so potrebni za izvedbo naro\u010dila, ovir ali preprek zaradi doma\u010dih ali tujih zakonskih dolo\u010db, sodnih postopkov ali ukrepov, delovanja tretjih oseb ali drugih vzrokov, katerih ni mogo\u010de pripisati dru\u017ebi ter v splo\u0161nem zaradi ovir ali preprek, katerih dru\u017eba ne more odstraniti, prepre\u010diti ali se jim izogniti s pomo\u010djo svoje obi\u010dajne skrbnosti glede na naravo dejavnosti, ki jo opravlja. Dru\u017eba si pridr\u017euje pravico, da za\u010dasno, brez obrazlo\u017eitve ter v kateremkoli trenutku ustavi ali prekine povezavo s spletnim trgovanjem in\/ali dostopom na spletne strani dru\u017ebe, zaradi tehni\u010dnih razlogov ali razlogov povezanih z u\u010dinkovitostjo in varnostjo poslovanja brez da bi bila za slednje kakorkoli odgovorna.<\/p>\n<p>Vse cene na spletni strani so brez DDV &#8211; ja.<\/p>\n<p>Zaradi trenutnih razmer na trgu (cena plina in surovine) lahko kon\u010dne cene odstopajo. Za to\u010dno ponudbo nas prosim kontaktirajte. Hvala za razumevanje.<\/p>\n","protected":false},"excerpt":{"rendered":"<p>Splo\u0161ni pogoji spletnega trgovanja se nana\u0161ajo na prodajo preko spletnih strani Keramika.com, katere lastnik je dru\u017eba Merilly d.o.o., vpisana v Sodni register pri Okro\u017enem sodi\u0161\u010du na Ptuju z vpisno \u0161tevilko: 1\/02549\/00 dne 01.08.1990, mati\u010dna \u0161tevilka: 5405513 in ID \u0161tevilko za DDV: SI92034535. Z uporabo na\u0161ih spletnih strani se hkrati tudi strinjate z uporabo splo\u0161nih pogojev. [&hellip;]<\/p>\n","protected":false},"author":1,"featured_media":0,"parent":0,"menu_order":0,"comment_status":"closed","ping_status":"closed","template":"","meta":[],"_links":{"self":[{"href":"https:\/\/www.keramika.com\/slovenija\/wp-json\/wp\/v2\/pages\/11"}],"collection":[{"href":"https:\/\/www.keramika.com\/slovenija\/wp-json\/wp\/v2\/pages"}],"about":[{"href":"https:\/\/www.keramika.com\/slovenija\/wp-json\/wp\/v2\/types\/page"}],"author":[{"embeddable":true,"href":"https:\/\/www.keramika.com\/slovenija\/wp-json\/wp\/v2\/users\/1"}],"replies":[{"embeddable":true,"href":"https:\/\/www.keramika.com\/slovenija\/wp-json\/wp\/v2\/comments?post=11"}],"version-history":[{"count":4,"href":"https:\/\/www.keramika.com\/slovenija\/wp-json\/wp\/v2\/pages\/11\/revisions"}],"predecessor-version":[{"id":112256,"href":"https:\/\/www.keramika.com\/slovenija\/wp-json\/wp\/v2\/pages\/11\/revisions\/112256"}],"wp:attachment":[{"href":"https:\/\/www.keramika.com\/slovenija\/wp-json\/wp\/v2\/media?parent=11"}],"curies":[{"name":"wp","href":"https:\/\/api.w.org\/{rel}","templated":true}]}}